{"id":16,"date":"2020-04-02T13:05:33","date_gmt":"2020-04-02T13:05:33","guid":{"rendered":"https:\/\/dev.yohemi.com\/?page_id=16"},"modified":"2021-05-24T11:19:35","modified_gmt":"2021-05-24T11:19:35","slug":"aulas-de-yoga","status":"publish","type":"page","link":"https:\/\/www.yohemi.com\/pt-pt\/aulas-de-yoga\/","title":{"rendered":"Aulas de yoga"},"content":{"rendered":"\n<h3 class=\"wp-block-heading\">no Little Yoga Space <\/h3>\n\n\n\n<figure class=\"wp-block-image size-large\"><img loading=\"lazy\" decoding=\"async\" width=\"1024\" height=\"768\" src=\"https:\/\/www.yohemi.com\/wp-content\/uploads\/2020\/04\/IMG_20191213_144108-1024x768.jpg\" alt=\"\" class=\"wp-image-199\" srcset=\"https:\/\/www.yohemi.com\/wp-content\/uploads\/2020\/04\/IMG_20191213_144108-1024x768.jpg 1024w, https:\/\/www.yohemi.com\/wp-content\/uploads\/2020\/04\/IMG_20191213_144108-300x225.jpg 300w, https:\/\/www.yohemi.com\/wp-content\/uploads\/2020\/04\/IMG_20191213_144108-768x576.jpg 768w, https:\/\/www.yohemi.com\/wp-content\/uploads\/2020\/04\/IMG_20191213_144108-1536x1152.jpg 1536w, https:\/\/www.yohemi.com\/wp-content\/uploads\/2020\/04\/IMG_20191213_144108-2048x1536.jpg 2048w\" sizes=\"auto, (max-width: 1024px) 100vw, 1024px\" \/><figcaption>e<\/figcaption><\/figure>\n\n\n\n<h2 class=\"wp-block-heading\">Yoga para mulheres<\/h2>\n\n\n\n<h3 class=\"wp-block-heading\">\u00c0 segunda-feira \u00e0s 18.30 e \u00e0 quinta-feira \u00e0s 11.00<\/h3>\n\n\n\n<p>Estas aulas s\u00e3o inspiradas pelos ensinamentos de Uma Dismore Tuli considerando a natureza c\u00edclica da mulher e como ela muda ao nivel f\u00edsico, emocional e mental durante o seu ciclo e a sua vida. Muitas vezes as mulheres guardam tens\u00f5es f\u00edsicas, emo\u00e7\u00f5es n\u00e3o resolvidas, cren\u00e7as pouco saud\u00e1veis e padr\u00f5es mentais na regi\u00e3o p\u00e9lvica e nas ancas, criando restri\u00e7\u00f5es e diminuindo a energia e vitalidade do seu corpo. Isto pode manifestar-se ao n\u00edvel f\u00edsico em quest\u00f5es relacionadas com a sa\u00fade da regi\u00e3o p\u00e9lvica e sa\u00fade menstrual, ocorrendo tamb\u00e9m no n\u00edvel criativo e emocional.<\/p>\n\n\n\n<p>Nestas aulas vamos focar na nossa p\u00e9lvis e nas nossas ancas maravilhosas, para libertamos tens\u00f5es e trazermos mais equil\u00edbrio, sa\u00fade e sensa\u00e7\u00e3o de suporte e fluidez no nosso ser. Vamos criar movimentos flu\u00eddos com c\u00edrculos e espirais, respirar de uma forma consciente para desenvolver presen\u00e7a e escuta profunda, sentir o nosso pr\u00f3prio ritmo, despertar e revitalizar o nosso corpo.<\/p>\n\n\n\n<p>Para inscric\u00f5es consulte o site do Little yoga space <a href=\"https:\/\/www.littleyogaspacelisboa.com\/schedule-and-prices.html\">aqui<\/a><\/p>\n\n\n\n<figure class=\"wp-block-image size-large\"><img loading=\"lazy\" decoding=\"async\" width=\"940\" height=\"788\" src=\"https:\/\/www.yohemi.com\/wp-content\/uploads\/2020\/04\/14.jpg\" alt=\"\" class=\"wp-image-425\" srcset=\"https:\/\/www.yohemi.com\/wp-content\/uploads\/2020\/04\/14.jpg 940w, https:\/\/www.yohemi.com\/wp-content\/uploads\/2020\/04\/14-300x251.jpg 300w, https:\/\/www.yohemi.com\/wp-content\/uploads\/2020\/04\/14-768x644.jpg 768w\" sizes=\"auto, (max-width: 940px) 100vw, 940px\" \/><\/figure>\n","protected":false},"excerpt":{"rendered":"<p>no Little Yoga Space Yoga para mulheres \u00c0 segunda-feira \u00e0s 18.30 e \u00e0 quinta-feira \u00e0s 11.00 Estas aulas s\u00e3o inspiradas pelos ensinamentos de Uma Dismore Tuli considerando a natureza c\u00edclica da mulher e como ela muda ao nivel f\u00edsico, emocional e mental durante o seu ciclo e a sua vida. Muitas vezes as mulheres guardam&hellip;<\/p>\n","protected":false},"author":1,"featured_media":0,"parent":0,"menu_order":0,"comment_status":"closed","ping_status":"closed","template":"","meta":{"footnotes":""},"class_list":["post-16","page","type-page","status-publish","hentry","description-off"],"yoast_head":"<!-- This site is optimized with the Yoast SEO plugin v24.9 - https:\/\/yoast.com\/wordpress\/plugins\/seo\/ -->\n<title>Aulas de yoga - Yohemi<\/title>\n<meta name=\"robots\" content=\"index, follow, max-snippet:-1, max-image-preview:large, max-video-preview:-1\" \/>\n<link rel=\"canonical\" href=\"https:\/\/www.yohemi.com\/pt-pt\/aulas-de-yoga\/\" \/>\n<meta property=\"og:locale\" content=\"pt_PT\" \/>\n<meta property=\"og:type\" content=\"article\" \/>\n<meta property=\"og:title\" content=\"Aulas de yoga - Yohemi\" \/>\n<meta property=\"og:description\" content=\"no Little Yoga Space Yoga para mulheres \u00c0 segunda-feira \u00e0s 18.30 e \u00e0 quinta-feira \u00e0s 11.00 Estas aulas s\u00e3o inspiradas pelos ensinamentos de Uma Dismore Tuli considerando a natureza c\u00edclica da mulher e como ela muda ao nivel f\u00edsico, emocional e mental durante o seu ciclo e a sua vida. Muitas vezes as mulheres guardam&hellip;\" \/>\n<meta property=\"og:url\" content=\"https:\/\/www.yohemi.com\/pt-pt\/aulas-de-yoga\/\" \/>\n<meta property=\"og:site_name\" content=\"Yohemi\" \/>\n<meta property=\"article:modified_time\" content=\"2021-05-24T11:19:35+00:00\" \/>\n<meta property=\"og:image\" content=\"https:\/\/www.yohemi.com\/wp-content\/uploads\/2020\/04\/IMG_20191213_144108-1024x768.jpg\" \/>\n<meta name=\"twitter:card\" content=\"summary_large_image\" \/>\n<meta name=\"twitter:label1\" content=\"Tempo estimado de leitura\" \/>\n\t<meta name=\"twitter:data1\" content=\"2 minutos\" \/>\n<script type=\"application\/ld+json\" class=\"yoast-schema-graph\">{\"@context\":\"https:\/\/schema.org\",\"@graph\":[{\"@type\":\"WebPage\",\"@id\":\"https:\/\/www.yohemi.com\/pt-pt\/aulas-de-yoga\/\",\"url\":\"https:\/\/www.yohemi.com\/pt-pt\/aulas-de-yoga\/\",\"name\":\"Aulas de yoga - Yohemi\",\"isPartOf\":{\"@id\":\"https:\/\/www.yohemi.com\/pt-pt\/#website\"},\"primaryImageOfPage\":{\"@id\":\"https:\/\/www.yohemi.com\/pt-pt\/aulas-de-yoga\/#primaryimage\"},\"image\":{\"@id\":\"https:\/\/www.yohemi.com\/pt-pt\/aulas-de-yoga\/#primaryimage\"},\"thumbnailUrl\":\"https:\/\/www.yohemi.com\/wp-content\/uploads\/2020\/04\/IMG_20191213_144108-1024x768.jpg\",\"datePublished\":\"2020-04-02T13:05:33+00:00\",\"dateModified\":\"2021-05-24T11:19:35+00:00\",\"breadcrumb\":{\"@id\":\"https:\/\/www.yohemi.com\/pt-pt\/aulas-de-yoga\/#breadcrumb\"},\"inLanguage\":\"pt-PT\",\"potentialAction\":[{\"@type\":\"ReadAction\",\"target\":[\"https:\/\/www.yohemi.com\/pt-pt\/aulas-de-yoga\/\"]}]},{\"@type\":\"ImageObject\",\"inLanguage\":\"pt-PT\",\"@id\":\"https:\/\/www.yohemi.com\/pt-pt\/aulas-de-yoga\/#primaryimage\",\"url\":\"https:\/\/www.yohemi.com\/wp-content\/uploads\/2020\/04\/IMG_20191213_144108-1024x768.jpg\",\"contentUrl\":\"https:\/\/www.yohemi.com\/wp-content\/uploads\/2020\/04\/IMG_20191213_144108-1024x768.jpg\"},{\"@type\":\"BreadcrumbList\",\"@id\":\"https:\/\/www.yohemi.com\/pt-pt\/aulas-de-yoga\/#breadcrumb\",\"itemListElement\":[{\"@type\":\"ListItem\",\"position\":1,\"name\":\"Home\",\"item\":\"https:\/\/www.yohemi.com\/pt-pt\/\"},{\"@type\":\"ListItem\",\"position\":2,\"name\":\"Aulas de yoga\"}]},{\"@type\":\"WebSite\",\"@id\":\"https:\/\/www.yohemi.com\/pt-pt\/#website\",\"url\":\"https:\/\/www.yohemi.com\/pt-pt\/\",\"name\":\"Yohemi\",\"description\":\"\",\"potentialAction\":[{\"@type\":\"SearchAction\",\"target\":{\"@type\":\"EntryPoint\",\"urlTemplate\":\"https:\/\/www.yohemi.com\/pt-pt\/?s={search_term_string}\"},\"query-input\":{\"@type\":\"PropertyValueSpecification\",\"valueRequired\":true,\"valueName\":\"search_term_string\"}}],\"inLanguage\":\"pt-PT\"}]}<\/script>\n<!-- \/ Yoast SEO plugin. -->","yoast_head_json":{"title":"Aulas de yoga - Yohemi","robots":{"index":"index","follow":"follow","max-snippet":"max-snippet:-1","max-image-preview":"max-image-preview:large","max-video-preview":"max-video-preview:-1"},"canonical":"https:\/\/www.yohemi.com\/pt-pt\/aulas-de-yoga\/","og_locale":"pt_PT","og_type":"article","og_title":"Aulas de yoga - Yohemi","og_description":"no Little Yoga Space Yoga para mulheres \u00c0 segunda-feira \u00e0s 18.30 e \u00e0 quinta-feira \u00e0s 11.00 Estas aulas s\u00e3o inspiradas pelos ensinamentos de Uma Dismore Tuli considerando a natureza c\u00edclica da mulher e como ela muda ao nivel f\u00edsico, emocional e mental durante o seu ciclo e a sua vida. Muitas vezes as mulheres guardam&hellip;","og_url":"https:\/\/www.yohemi.com\/pt-pt\/aulas-de-yoga\/","og_site_name":"Yohemi","article_modified_time":"2021-05-24T11:19:35+00:00","og_image":[{"url":"https:\/\/www.yohemi.com\/wp-content\/uploads\/2020\/04\/IMG_20191213_144108-1024x768.jpg","type":"","width":"","height":""}],"twitter_card":"summary_large_image","twitter_misc":{"Tempo estimado de leitura":"2 minutos"},"schema":{"@context":"https:\/\/schema.org","@graph":[{"@type":"WebPage","@id":"https:\/\/www.yohemi.com\/pt-pt\/aulas-de-yoga\/","url":"https:\/\/www.yohemi.com\/pt-pt\/aulas-de-yoga\/","name":"Aulas de yoga - Yohemi","isPartOf":{"@id":"https:\/\/www.yohemi.com\/pt-pt\/#website"},"primaryImageOfPage":{"@id":"https:\/\/www.yohemi.com\/pt-pt\/aulas-de-yoga\/#primaryimage"},"image":{"@id":"https:\/\/www.yohemi.com\/pt-pt\/aulas-de-yoga\/#primaryimage"},"thumbnailUrl":"https:\/\/www.yohemi.com\/wp-content\/uploads\/2020\/04\/IMG_20191213_144108-1024x768.jpg","datePublished":"2020-04-02T13:05:33+00:00","dateModified":"2021-05-24T11:19:35+00:00","breadcrumb":{"@id":"https:\/\/www.yohemi.com\/pt-pt\/aulas-de-yoga\/#breadcrumb"},"inLanguage":"pt-PT","potentialAction":[{"@type":"ReadAction","target":["https:\/\/www.yohemi.com\/pt-pt\/aulas-de-yoga\/"]}]},{"@type":"ImageObject","inLanguage":"pt-PT","@id":"https:\/\/www.yohemi.com\/pt-pt\/aulas-de-yoga\/#primaryimage","url":"https:\/\/www.yohemi.com\/wp-content\/uploads\/2020\/04\/IMG_20191213_144108-1024x768.jpg","contentUrl":"https:\/\/www.yohemi.com\/wp-content\/uploads\/2020\/04\/IMG_20191213_144108-1024x768.jpg"},{"@type":"BreadcrumbList","@id":"https:\/\/www.yohemi.com\/pt-pt\/aulas-de-yoga\/#breadcrumb","itemListElement":[{"@type":"ListItem","position":1,"name":"Home","item":"https:\/\/www.yohemi.com\/pt-pt\/"},{"@type":"ListItem","position":2,"name":"Aulas de yoga"}]},{"@type":"WebSite","@id":"https:\/\/www.yohemi.com\/pt-pt\/#website","url":"https:\/\/www.yohemi.com\/pt-pt\/","name":"Yohemi","description":"","potentialAction":[{"@type":"SearchAction","target":{"@type":"EntryPoint","urlTemplate":"https:\/\/www.yohemi.com\/pt-pt\/?s={search_term_string}"},"query-input":{"@type":"PropertyValueSpecification","valueRequired":true,"valueName":"search_term_string"}}],"inLanguage":"pt-PT"}]}},"_links":{"self":[{"href":"https:\/\/www.yohemi.com\/pt-pt\/wp-json\/wp\/v2\/pages\/16","targetHints":{"allow":["GET"]}}],"collection":[{"href":"https:\/\/www.yohemi.com\/pt-pt\/wp-json\/wp\/v2\/pages"}],"about":[{"href":"https:\/\/www.yohemi.com\/pt-pt\/wp-json\/wp\/v2\/types\/page"}],"author":[{"embeddable":true,"href":"https:\/\/www.yohemi.com\/pt-pt\/wp-json\/wp\/v2\/users\/1"}],"replies":[{"embeddable":true,"href":"https:\/\/www.yohemi.com\/pt-pt\/wp-json\/wp\/v2\/comments?post=16"}],"version-history":[{"count":14,"href":"https:\/\/www.yohemi.com\/pt-pt\/wp-json\/wp\/v2\/pages\/16\/revisions"}],"predecessor-version":[{"id":2400,"href":"https:\/\/www.yohemi.com\/pt-pt\/wp-json\/wp\/v2\/pages\/16\/revisions\/2400"}],"wp:attachment":[{"href":"https:\/\/www.yohemi.com\/pt-pt\/wp-json\/wp\/v2\/media?parent=16"}],"curies":[{"name":"wp","href":"https:\/\/api.w.org\/{rel}","templated":true}]}}