{"id":1646,"date":"2021-01-30T14:28:57","date_gmt":"2021-01-30T14:28:57","guid":{"rendered":"https:\/\/www.yohemi.com\/?page_id=1646"},"modified":"2022-11-21T14:02:54","modified_gmt":"2022-11-21T14:02:54","slug":"templo-de-ovo-de-jade","status":"publish","type":"page","link":"https:\/\/www.yohemi.com\/pt-pt\/templo-de-ovo-de-jade\/","title":{"rendered":"Templo de Ovo de Jade Online"},"content":{"rendered":"\n<figure class=\"wp-block-image size-large\"><img loading=\"lazy\" decoding=\"async\" width=\"1024\" height=\"682\" src=\"https:\/\/www.yohemi.com\/wp-content\/uploads\/2021\/01\/Jade-Egg-Temple-1024x682.jpg\" alt=\"\" class=\"wp-image-1637\" srcset=\"https:\/\/www.yohemi.com\/wp-content\/uploads\/2021\/01\/Jade-Egg-Temple-1024x682.jpg 1024w, https:\/\/www.yohemi.com\/wp-content\/uploads\/2021\/01\/Jade-Egg-Temple-300x200.jpg 300w, https:\/\/www.yohemi.com\/wp-content\/uploads\/2021\/01\/Jade-Egg-Temple-768x512.jpg 768w, https:\/\/www.yohemi.com\/wp-content\/uploads\/2021\/01\/Jade-Egg-Temple-1536x1024.jpg 1536w, https:\/\/www.yohemi.com\/wp-content\/uploads\/2021\/01\/Jade-Egg-Temple-2048x1365.jpg 2048w\" sizes=\"auto, (max-width: 1024px) 100vw, 1024px\" \/><\/figure>\n\n\n\n<h2 class=\"wp-block-heading\" id=\"tw-target-text\">Convite especial para mulheres em Dezembro<\/h2>\n\n\n\n<p id=\"tw-target-text\">Ovo de jade \u00e9 uma antiga pr\u00e1tica tao\u00edsta para as mulheres que as ajuda a cultivar a sua energia sexual e vital. <\/p>\n\n\n\n<p id=\"tw-target-text\">Para mim, \u00e9 uma das pr\u00e1ticas mais nutritivas que me faz sentir conectada ao poder criativo da minha Yoni, que me alimenta profundamente. Yoni \u00e9 a palavra s\u00e2nscrita para genit\u00e1lia feminina e significa Templo sagrado, Portal sagrado. \u00c9 realmente uma porta de entrada para o teu Poder Criativo, a For\u00e7a que cria a vida no teu \u00fatero. <\/p>\n\n\n\n<p id=\"tw-target-text\">Convido todas as mulheres ao Templo de Ovo de Jade para pr\u00e1tica semanal com o ovo durante o m\u00eas de mar\u00e7o. <\/p>\n\n\n\n<p id=\"tw-target-text\">Essas pr\u00e1ticas v\u00e3o te ajudar a conectar-te com o Fogo criativo do teu \u00fatero e com o Fogo Compassivo de teu Cora\u00e7\u00e3o. Se sentes necessidade de te nutrir, de re-conectar com a tua criatividade, de libertar a tua sexualidade e o poder transformador de teu cora\u00e7\u00e3o compassivo, isso \u00e9 definitivamente para ti. Conecta-te com a Magia e o Poder de tua Yoni e deixa teu Fogo interior nutrir-te profundamente e despertar a centelha de tua Criatividade interior. <\/p>\n\n\n\n<h4 class=\"wp-block-heading\" id=\"tw-target-text\">Quando e onde? <\/h4>\n\n\n\n<p>Datas: 6, 13, 20 e 27 de Dezembro<\/p>\n\n\n\n<p id=\"tw-target-text\">Todos as 3f das 18h30 \u00e0s 20h GMT (hora de Lisboa) <\/p>\n\n\n\n<p id=\"tw-target-text\">Pre\u00e7o: 66 euros <\/p>\n\n\n\n<h4 class=\"wp-block-heading\" id=\"tw-target-text\">Inscrico\u00eas<\/h4>\n\n\n\n<p id=\"tw-target-text\">Voc\u00ea pode se inscrever <a href=\"https:\/\/www.yohemi.com\/contato\/\">aqui<\/a><\/p>\n","protected":false},"excerpt":{"rendered":"<p>Convite especial para mulheres em Dezembro Ovo de jade \u00e9 uma antiga pr\u00e1tica tao\u00edsta para as mulheres que as ajuda a cultivar a sua energia sexual e vital. Para mim, \u00e9 uma das pr\u00e1ticas mais nutritivas que me faz sentir conectada ao poder criativo da minha Yoni, que me alimenta profundamente. Yoni \u00e9 a palavra&hellip;<\/p>\n","protected":false},"author":1,"featured_media":0,"parent":0,"menu_order":0,"comment_status":"closed","ping_status":"closed","template":"","meta":{"footnotes":""},"class_list":["post-1646","page","type-page","status-publish","hentry","description-off"],"yoast_head":"<!-- This site is optimized with the Yoast SEO plugin v24.9 - https:\/\/yoast.com\/wordpress\/plugins\/seo\/ -->\n<title>Templo de Ovo de Jade Online - Yohemi<\/title>\n<meta name=\"robots\" content=\"index, follow, max-snippet:-1, max-image-preview:large, max-video-preview:-1\" \/>\n<link rel=\"canonical\" href=\"https:\/\/www.yohemi.com\/pt-pt\/templo-de-ovo-de-jade\/\" \/>\n<meta property=\"og:locale\" content=\"pt_PT\" \/>\n<meta property=\"og:type\" content=\"article\" \/>\n<meta property=\"og:title\" content=\"Templo de Ovo de Jade Online - Yohemi\" \/>\n<meta property=\"og:description\" content=\"Convite especial para mulheres em Dezembro Ovo de jade \u00e9 uma antiga pr\u00e1tica tao\u00edsta para as mulheres que as ajuda a cultivar a sua energia sexual e vital. Para mim, \u00e9 uma das pr\u00e1ticas mais nutritivas que me faz sentir conectada ao poder criativo da minha Yoni, que me alimenta profundamente. Yoni \u00e9 a palavra&hellip;\" \/>\n<meta property=\"og:url\" content=\"https:\/\/www.yohemi.com\/pt-pt\/templo-de-ovo-de-jade\/\" \/>\n<meta property=\"og:site_name\" content=\"Yohemi\" \/>\n<meta property=\"article:modified_time\" content=\"2022-11-21T14:02:54+00:00\" \/>\n<meta property=\"og:image\" content=\"https:\/\/www.yohemi.com\/wp-content\/uploads\/2021\/01\/Jade-Egg-Temple-1024x682.jpg\" \/>\n<meta name=\"twitter:card\" content=\"summary_large_image\" \/>\n<meta name=\"twitter:label1\" content=\"Tempo estimado de leitura\" \/>\n\t<meta name=\"twitter:data1\" content=\"2 minutos\" \/>\n<script type=\"application\/ld+json\" class=\"yoast-schema-graph\">{\"@context\":\"https:\/\/schema.org\",\"@graph\":[{\"@type\":\"WebPage\",\"@id\":\"https:\/\/www.yohemi.com\/pt-pt\/templo-de-ovo-de-jade\/\",\"url\":\"https:\/\/www.yohemi.com\/pt-pt\/templo-de-ovo-de-jade\/\",\"name\":\"Templo de Ovo de Jade Online - Yohemi\",\"isPartOf\":{\"@id\":\"https:\/\/www.yohemi.com\/pt-pt\/#website\"},\"primaryImageOfPage\":{\"@id\":\"https:\/\/www.yohemi.com\/pt-pt\/templo-de-ovo-de-jade\/#primaryimage\"},\"image\":{\"@id\":\"https:\/\/www.yohemi.com\/pt-pt\/templo-de-ovo-de-jade\/#primaryimage\"},\"thumbnailUrl\":\"https:\/\/www.yohemi.com\/wp-content\/uploads\/2021\/01\/Jade-Egg-Temple-1024x682.jpg\",\"datePublished\":\"2021-01-30T14:28:57+00:00\",\"dateModified\":\"2022-11-21T14:02:54+00:00\",\"breadcrumb\":{\"@id\":\"https:\/\/www.yohemi.com\/pt-pt\/templo-de-ovo-de-jade\/#breadcrumb\"},\"inLanguage\":\"pt-PT\",\"potentialAction\":[{\"@type\":\"ReadAction\",\"target\":[\"https:\/\/www.yohemi.com\/pt-pt\/templo-de-ovo-de-jade\/\"]}]},{\"@type\":\"ImageObject\",\"inLanguage\":\"pt-PT\",\"@id\":\"https:\/\/www.yohemi.com\/pt-pt\/templo-de-ovo-de-jade\/#primaryimage\",\"url\":\"https:\/\/www.yohemi.com\/wp-content\/uploads\/2021\/01\/Jade-Egg-Temple-1024x682.jpg\",\"contentUrl\":\"https:\/\/www.yohemi.com\/wp-content\/uploads\/2021\/01\/Jade-Egg-Temple-1024x682.jpg\"},{\"@type\":\"BreadcrumbList\",\"@id\":\"https:\/\/www.yohemi.com\/pt-pt\/templo-de-ovo-de-jade\/#breadcrumb\",\"itemListElement\":[{\"@type\":\"ListItem\",\"position\":1,\"name\":\"Home\",\"item\":\"https:\/\/www.yohemi.com\/pt-pt\/\"},{\"@type\":\"ListItem\",\"position\":2,\"name\":\"Templo de Ovo de Jade Online\"}]},{\"@type\":\"WebSite\",\"@id\":\"https:\/\/www.yohemi.com\/pt-pt\/#website\",\"url\":\"https:\/\/www.yohemi.com\/pt-pt\/\",\"name\":\"Yohemi\",\"description\":\"\",\"potentialAction\":[{\"@type\":\"SearchAction\",\"target\":{\"@type\":\"EntryPoint\",\"urlTemplate\":\"https:\/\/www.yohemi.com\/pt-pt\/?s={search_term_string}\"},\"query-input\":{\"@type\":\"PropertyValueSpecification\",\"valueRequired\":true,\"valueName\":\"search_term_string\"}}],\"inLanguage\":\"pt-PT\"}]}<\/script>\n<!-- \/ Yoast SEO plugin. -->","yoast_head_json":{"title":"Templo de Ovo de Jade Online - Yohemi","robots":{"index":"index","follow":"follow","max-snippet":"max-snippet:-1","max-image-preview":"max-image-preview:large","max-video-preview":"max-video-preview:-1"},"canonical":"https:\/\/www.yohemi.com\/pt-pt\/templo-de-ovo-de-jade\/","og_locale":"pt_PT","og_type":"article","og_title":"Templo de Ovo de Jade Online - Yohemi","og_description":"Convite especial para mulheres em Dezembro Ovo de jade \u00e9 uma antiga pr\u00e1tica tao\u00edsta para as mulheres que as ajuda a cultivar a sua energia sexual e vital. Para mim, \u00e9 uma das pr\u00e1ticas mais nutritivas que me faz sentir conectada ao poder criativo da minha Yoni, que me alimenta profundamente. Yoni \u00e9 a palavra&hellip;","og_url":"https:\/\/www.yohemi.com\/pt-pt\/templo-de-ovo-de-jade\/","og_site_name":"Yohemi","article_modified_time":"2022-11-21T14:02:54+00:00","og_image":[{"url":"https:\/\/www.yohemi.com\/wp-content\/uploads\/2021\/01\/Jade-Egg-Temple-1024x682.jpg","type":"","width":"","height":""}],"twitter_card":"summary_large_image","twitter_misc":{"Tempo estimado de leitura":"2 minutos"},"schema":{"@context":"https:\/\/schema.org","@graph":[{"@type":"WebPage","@id":"https:\/\/www.yohemi.com\/pt-pt\/templo-de-ovo-de-jade\/","url":"https:\/\/www.yohemi.com\/pt-pt\/templo-de-ovo-de-jade\/","name":"Templo de Ovo de Jade Online - Yohemi","isPartOf":{"@id":"https:\/\/www.yohemi.com\/pt-pt\/#website"},"primaryImageOfPage":{"@id":"https:\/\/www.yohemi.com\/pt-pt\/templo-de-ovo-de-jade\/#primaryimage"},"image":{"@id":"https:\/\/www.yohemi.com\/pt-pt\/templo-de-ovo-de-jade\/#primaryimage"},"thumbnailUrl":"https:\/\/www.yohemi.com\/wp-content\/uploads\/2021\/01\/Jade-Egg-Temple-1024x682.jpg","datePublished":"2021-01-30T14:28:57+00:00","dateModified":"2022-11-21T14:02:54+00:00","breadcrumb":{"@id":"https:\/\/www.yohemi.com\/pt-pt\/templo-de-ovo-de-jade\/#breadcrumb"},"inLanguage":"pt-PT","potentialAction":[{"@type":"ReadAction","target":["https:\/\/www.yohemi.com\/pt-pt\/templo-de-ovo-de-jade\/"]}]},{"@type":"ImageObject","inLanguage":"pt-PT","@id":"https:\/\/www.yohemi.com\/pt-pt\/templo-de-ovo-de-jade\/#primaryimage","url":"https:\/\/www.yohemi.com\/wp-content\/uploads\/2021\/01\/Jade-Egg-Temple-1024x682.jpg","contentUrl":"https:\/\/www.yohemi.com\/wp-content\/uploads\/2021\/01\/Jade-Egg-Temple-1024x682.jpg"},{"@type":"BreadcrumbList","@id":"https:\/\/www.yohemi.com\/pt-pt\/templo-de-ovo-de-jade\/#breadcrumb","itemListElement":[{"@type":"ListItem","position":1,"name":"Home","item":"https:\/\/www.yohemi.com\/pt-pt\/"},{"@type":"ListItem","position":2,"name":"Templo de Ovo de Jade Online"}]},{"@type":"WebSite","@id":"https:\/\/www.yohemi.com\/pt-pt\/#website","url":"https:\/\/www.yohemi.com\/pt-pt\/","name":"Yohemi","description":"","potentialAction":[{"@type":"SearchAction","target":{"@type":"EntryPoint","urlTemplate":"https:\/\/www.yohemi.com\/pt-pt\/?s={search_term_string}"},"query-input":{"@type":"PropertyValueSpecification","valueRequired":true,"valueName":"search_term_string"}}],"inLanguage":"pt-PT"}]}},"_links":{"self":[{"href":"https:\/\/www.yohemi.com\/pt-pt\/wp-json\/wp\/v2\/pages\/1646","targetHints":{"allow":["GET"]}}],"collection":[{"href":"https:\/\/www.yohemi.com\/pt-pt\/wp-json\/wp\/v2\/pages"}],"about":[{"href":"https:\/\/www.yohemi.com\/pt-pt\/wp-json\/wp\/v2\/types\/page"}],"author":[{"embeddable":true,"href":"https:\/\/www.yohemi.com\/pt-pt\/wp-json\/wp\/v2\/users\/1"}],"replies":[{"embeddable":true,"href":"https:\/\/www.yohemi.com\/pt-pt\/wp-json\/wp\/v2\/comments?post=1646"}],"version-history":[{"count":8,"href":"https:\/\/www.yohemi.com\/pt-pt\/wp-json\/wp\/v2\/pages\/1646\/revisions"}],"predecessor-version":[{"id":4211,"href":"https:\/\/www.yohemi.com\/pt-pt\/wp-json\/wp\/v2\/pages\/1646\/revisions\/4211"}],"wp:attachment":[{"href":"https:\/\/www.yohemi.com\/pt-pt\/wp-json\/wp\/v2\/media?parent=1646"}],"curies":[{"name":"wp","href":"https:\/\/api.w.org\/{rel}","templated":true}]}}