{"id":256,"date":"2020-04-14T17:18:19","date_gmt":"2020-04-14T17:18:19","guid":{"rendered":"https:\/\/www.yohemi.com\/?page_id=256"},"modified":"2020-04-26T20:45:41","modified_gmt":"2020-04-26T20:45:41","slug":"massagem-para-gravidas","status":"publish","type":"page","link":"https:\/\/www.yohemi.com\/pt-pt\/massagem-para-gravidas\/","title":{"rendered":"Massagem para gravidas"},"content":{"rendered":"\n<figure class=\"wp-block-image size-large\"><img loading=\"lazy\" decoding=\"async\" width=\"1024\" height=\"842\" src=\"https:\/\/www.yohemi.com\/wp-content\/uploads\/2020\/04\/DSC_0490a-1024x842.jpg\" alt=\"\" class=\"wp-image-703\" srcset=\"https:\/\/www.yohemi.com\/wp-content\/uploads\/2020\/04\/DSC_0490a-1024x842.jpg 1024w, https:\/\/www.yohemi.com\/wp-content\/uploads\/2020\/04\/DSC_0490a-300x247.jpg 300w, https:\/\/www.yohemi.com\/wp-content\/uploads\/2020\/04\/DSC_0490a-768x631.jpg 768w, https:\/\/www.yohemi.com\/wp-content\/uploads\/2020\/04\/DSC_0490a-1536x1262.jpg 1536w, https:\/\/www.yohemi.com\/wp-content\/uploads\/2020\/04\/DSC_0490a-2048x1683.jpg 2048w\" sizes=\"auto, (max-width: 1024px) 100vw, 1024px\" \/><\/figure>\n\n\n\n<p>Massagem Thai Yoga pode ser muito beneficiosa para o bem-estar da mae e do bebe durante a gravidez. Mulheres passam por muitas mudancas enquanto o corpo delas adapta-se para o bebe e isso pode ser um periodo estressante e emocional na vida delas. As mudancas fisicas sao acompanhadas pelas mudancas emocionais e afetam a mae e o bebe.<\/p>\n\n\n\n<p>A massagem Thai Yoga oferece um grande alivio para alguns sintomas fisicos, como dores das costas, ancas ou pescoso, nausea, retencao de liquidos, capacidade de dormir etc. Tambem cria a sensacao de receber o apoio e de ser nutrida e cuidada que naturalmente acalma o sistema nervoso e traz um equilibrio geral. Na massagem para gravidez usamos muitos aderecos (props?), como travesseiros (bolsters?), almofadas, cadeiras, mantas etc. para dar apoio a mae e ao bebe e criar um ambiente confortavel.<\/p>\n\n\n\n<p>Como a massagem tailandesa e uma pratica oriental, trabalha em todos os niveis do nosso ser \u2013 fisico, energetico, emicional e mental e pode ser uma bela oportunidade para a mae conectar-se com o bebe em niveis distintos.<\/p>\n\n\n\n<h3 class=\"wp-block-heading\">Informa\u00e7\u00e3o \u00fatil<\/h3>\n\n\n\n<p>~ Traga roupa larga e confortavel (se necessario pode trazer uma camada extra e meias quentes para assegurar que esta a uma temperatura confortavle durante o tratamento)<\/p>\n\n\n\n<p>~ Se tiver alguma problema medico, por favor, informe-me com antecendencia de modo a eu ter tempo de planear a sessao de acordo com as suas necessidades<\/p>\n\n\n\n<h3 class=\"wp-block-heading\">Marque um tratamento<\/h3>\n\n\n\n<p>Preencha o formulario abaixo se faz favor. Vou estar em contacto consigo para confirmar a hora e o local do tratamento. Obrigada.<\/p>\n\n\n\n<iframe loading=\"lazy\" class=\"setmore-iframe\" src=\"https:\/\/my.setmore.com\/bookingpage\/4a18b225-9cec-4ee1-b2af-caf8d03b82e3?lang=english\" width=\"585\" height=\"680\" frameborder=\"0\"><\/iframe><style>@media only screen and (max-width: 585px) { iframe.setmore-iframe { width: 100%; } }<\/style>\n","protected":false},"excerpt":{"rendered":"<p>Massagem Thai Yoga pode ser muito beneficiosa para o bem-estar da mae e do bebe durante a gravidez. Mulheres passam por muitas mudancas enquanto o corpo delas adapta-se para o bebe e isso pode ser um periodo estressante e emocional na vida delas. As mudancas fisicas sao acompanhadas pelas mudancas emocionais e afetam a mae&hellip;<\/p>\n","protected":false},"author":1,"featured_media":0,"parent":0,"menu_order":0,"comment_status":"closed","ping_status":"closed","template":"","meta":{"footnotes":""},"class_list":["post-256","page","type-page","status-publish","hentry","description-off"],"yoast_head":"<!-- This site is optimized with the Yoast SEO plugin v24.9 - https:\/\/yoast.com\/wordpress\/plugins\/seo\/ -->\n<title>Massagem para gravidas - Yohemi<\/title>\n<meta name=\"robots\" content=\"index, follow, max-snippet:-1, max-image-preview:large, max-video-preview:-1\" \/>\n<link rel=\"canonical\" href=\"https:\/\/www.yohemi.com\/pt-pt\/massagem-para-gravidas\/\" \/>\n<meta property=\"og:locale\" content=\"pt_PT\" \/>\n<meta property=\"og:type\" content=\"article\" \/>\n<meta property=\"og:title\" content=\"Massagem para gravidas - Yohemi\" \/>\n<meta property=\"og:description\" content=\"Massagem Thai Yoga pode ser muito beneficiosa para o bem-estar da mae e do bebe durante a gravidez. Mulheres passam por muitas mudancas enquanto o corpo delas adapta-se para o bebe e isso pode ser um periodo estressante e emocional na vida delas. As mudancas fisicas sao acompanhadas pelas mudancas emocionais e afetam a mae&hellip;\" \/>\n<meta property=\"og:url\" content=\"https:\/\/www.yohemi.com\/pt-pt\/massagem-para-gravidas\/\" \/>\n<meta property=\"og:site_name\" content=\"Yohemi\" \/>\n<meta property=\"article:modified_time\" content=\"2020-04-26T20:45:41+00:00\" \/>\n<meta property=\"og:image\" content=\"https:\/\/www.yohemi.com\/wp-content\/uploads\/2020\/04\/DSC_0490a-1024x842.jpg\" \/>\n<meta name=\"twitter:card\" content=\"summary_large_image\" \/>\n<meta name=\"twitter:label1\" content=\"Tempo estimado de leitura\" \/>\n\t<meta name=\"twitter:data1\" content=\"1 minuto\" \/>\n<script type=\"application\/ld+json\" class=\"yoast-schema-graph\">{\"@context\":\"https:\/\/schema.org\",\"@graph\":[{\"@type\":\"WebPage\",\"@id\":\"https:\/\/www.yohemi.com\/pt-pt\/massagem-para-gravidas\/\",\"url\":\"https:\/\/www.yohemi.com\/pt-pt\/massagem-para-gravidas\/\",\"name\":\"Massagem para gravidas - Yohemi\",\"isPartOf\":{\"@id\":\"https:\/\/www.yohemi.com\/pt-pt\/#website\"},\"primaryImageOfPage\":{\"@id\":\"https:\/\/www.yohemi.com\/pt-pt\/massagem-para-gravidas\/#primaryimage\"},\"image\":{\"@id\":\"https:\/\/www.yohemi.com\/pt-pt\/massagem-para-gravidas\/#primaryimage\"},\"thumbnailUrl\":\"https:\/\/www.yohemi.com\/wp-content\/uploads\/2020\/04\/DSC_0490a-1024x842.jpg\",\"datePublished\":\"2020-04-14T17:18:19+00:00\",\"dateModified\":\"2020-04-26T20:45:41+00:00\",\"breadcrumb\":{\"@id\":\"https:\/\/www.yohemi.com\/pt-pt\/massagem-para-gravidas\/#breadcrumb\"},\"inLanguage\":\"pt-PT\",\"potentialAction\":[{\"@type\":\"ReadAction\",\"target\":[\"https:\/\/www.yohemi.com\/pt-pt\/massagem-para-gravidas\/\"]}]},{\"@type\":\"ImageObject\",\"inLanguage\":\"pt-PT\",\"@id\":\"https:\/\/www.yohemi.com\/pt-pt\/massagem-para-gravidas\/#primaryimage\",\"url\":\"https:\/\/www.yohemi.com\/wp-content\/uploads\/2020\/04\/DSC_0490a-1024x842.jpg\",\"contentUrl\":\"https:\/\/www.yohemi.com\/wp-content\/uploads\/2020\/04\/DSC_0490a-1024x842.jpg\"},{\"@type\":\"BreadcrumbList\",\"@id\":\"https:\/\/www.yohemi.com\/pt-pt\/massagem-para-gravidas\/#breadcrumb\",\"itemListElement\":[{\"@type\":\"ListItem\",\"position\":1,\"name\":\"Home\",\"item\":\"https:\/\/www.yohemi.com\/pt-pt\/\"},{\"@type\":\"ListItem\",\"position\":2,\"name\":\"Massagem para gravidas\"}]},{\"@type\":\"WebSite\",\"@id\":\"https:\/\/www.yohemi.com\/pt-pt\/#website\",\"url\":\"https:\/\/www.yohemi.com\/pt-pt\/\",\"name\":\"Yohemi\",\"description\":\"\",\"potentialAction\":[{\"@type\":\"SearchAction\",\"target\":{\"@type\":\"EntryPoint\",\"urlTemplate\":\"https:\/\/www.yohemi.com\/pt-pt\/?s={search_term_string}\"},\"query-input\":{\"@type\":\"PropertyValueSpecification\",\"valueRequired\":true,\"valueName\":\"search_term_string\"}}],\"inLanguage\":\"pt-PT\"}]}<\/script>\n<!-- \/ Yoast SEO plugin. -->","yoast_head_json":{"title":"Massagem para gravidas - Yohemi","robots":{"index":"index","follow":"follow","max-snippet":"max-snippet:-1","max-image-preview":"max-image-preview:large","max-video-preview":"max-video-preview:-1"},"canonical":"https:\/\/www.yohemi.com\/pt-pt\/massagem-para-gravidas\/","og_locale":"pt_PT","og_type":"article","og_title":"Massagem para gravidas - Yohemi","og_description":"Massagem Thai Yoga pode ser muito beneficiosa para o bem-estar da mae e do bebe durante a gravidez. Mulheres passam por muitas mudancas enquanto o corpo delas adapta-se para o bebe e isso pode ser um periodo estressante e emocional na vida delas. As mudancas fisicas sao acompanhadas pelas mudancas emocionais e afetam a mae&hellip;","og_url":"https:\/\/www.yohemi.com\/pt-pt\/massagem-para-gravidas\/","og_site_name":"Yohemi","article_modified_time":"2020-04-26T20:45:41+00:00","og_image":[{"url":"https:\/\/www.yohemi.com\/wp-content\/uploads\/2020\/04\/DSC_0490a-1024x842.jpg","type":"","width":"","height":""}],"twitter_card":"summary_large_image","twitter_misc":{"Tempo estimado de leitura":"1 minuto"},"schema":{"@context":"https:\/\/schema.org","@graph":[{"@type":"WebPage","@id":"https:\/\/www.yohemi.com\/pt-pt\/massagem-para-gravidas\/","url":"https:\/\/www.yohemi.com\/pt-pt\/massagem-para-gravidas\/","name":"Massagem para gravidas - Yohemi","isPartOf":{"@id":"https:\/\/www.yohemi.com\/pt-pt\/#website"},"primaryImageOfPage":{"@id":"https:\/\/www.yohemi.com\/pt-pt\/massagem-para-gravidas\/#primaryimage"},"image":{"@id":"https:\/\/www.yohemi.com\/pt-pt\/massagem-para-gravidas\/#primaryimage"},"thumbnailUrl":"https:\/\/www.yohemi.com\/wp-content\/uploads\/2020\/04\/DSC_0490a-1024x842.jpg","datePublished":"2020-04-14T17:18:19+00:00","dateModified":"2020-04-26T20:45:41+00:00","breadcrumb":{"@id":"https:\/\/www.yohemi.com\/pt-pt\/massagem-para-gravidas\/#breadcrumb"},"inLanguage":"pt-PT","potentialAction":[{"@type":"ReadAction","target":["https:\/\/www.yohemi.com\/pt-pt\/massagem-para-gravidas\/"]}]},{"@type":"ImageObject","inLanguage":"pt-PT","@id":"https:\/\/www.yohemi.com\/pt-pt\/massagem-para-gravidas\/#primaryimage","url":"https:\/\/www.yohemi.com\/wp-content\/uploads\/2020\/04\/DSC_0490a-1024x842.jpg","contentUrl":"https:\/\/www.yohemi.com\/wp-content\/uploads\/2020\/04\/DSC_0490a-1024x842.jpg"},{"@type":"BreadcrumbList","@id":"https:\/\/www.yohemi.com\/pt-pt\/massagem-para-gravidas\/#breadcrumb","itemListElement":[{"@type":"ListItem","position":1,"name":"Home","item":"https:\/\/www.yohemi.com\/pt-pt\/"},{"@type":"ListItem","position":2,"name":"Massagem para gravidas"}]},{"@type":"WebSite","@id":"https:\/\/www.yohemi.com\/pt-pt\/#website","url":"https:\/\/www.yohemi.com\/pt-pt\/","name":"Yohemi","description":"","potentialAction":[{"@type":"SearchAction","target":{"@type":"EntryPoint","urlTemplate":"https:\/\/www.yohemi.com\/pt-pt\/?s={search_term_string}"},"query-input":{"@type":"PropertyValueSpecification","valueRequired":true,"valueName":"search_term_string"}}],"inLanguage":"pt-PT"}]}},"_links":{"self":[{"href":"https:\/\/www.yohemi.com\/pt-pt\/wp-json\/wp\/v2\/pages\/256","targetHints":{"allow":["GET"]}}],"collection":[{"href":"https:\/\/www.yohemi.com\/pt-pt\/wp-json\/wp\/v2\/pages"}],"about":[{"href":"https:\/\/www.yohemi.com\/pt-pt\/wp-json\/wp\/v2\/types\/page"}],"author":[{"embeddable":true,"href":"https:\/\/www.yohemi.com\/pt-pt\/wp-json\/wp\/v2\/users\/1"}],"replies":[{"embeddable":true,"href":"https:\/\/www.yohemi.com\/pt-pt\/wp-json\/wp\/v2\/comments?post=256"}],"version-history":[{"count":5,"href":"https:\/\/www.yohemi.com\/pt-pt\/wp-json\/wp\/v2\/pages\/256\/revisions"}],"predecessor-version":[{"id":706,"href":"https:\/\/www.yohemi.com\/pt-pt\/wp-json\/wp\/v2\/pages\/256\/revisions\/706"}],"wp:attachment":[{"href":"https:\/\/www.yohemi.com\/pt-pt\/wp-json\/wp\/v2\/media?parent=256"}],"curies":[{"name":"wp","href":"https:\/\/api.w.org\/{rel}","templated":true}]}}