{"id":30,"date":"2020-04-02T13:20:01","date_gmt":"2020-04-02T13:20:01","guid":{"rendered":"https:\/\/dev.yohemi.com\/?page_id=30"},"modified":"2020-05-11T13:08:29","modified_gmt":"2020-05-11T13:08:29","slug":"aulas-privadas","status":"publish","type":"page","link":"https:\/\/www.yohemi.com\/pt-pt\/aulas-privadas\/","title":{"rendered":"Aulas privadas"},"content":{"rendered":"\n<figure class=\"wp-block-image size-large\"><img loading=\"lazy\" decoding=\"async\" width=\"820\" height=\"312\" src=\"https:\/\/www.yohemi.com\/wp-content\/uploads\/2020\/04\/11-1.jpg\" alt=\"\" class=\"wp-image-498\" srcset=\"https:\/\/www.yohemi.com\/wp-content\/uploads\/2020\/04\/11-1.jpg 820w, https:\/\/www.yohemi.com\/wp-content\/uploads\/2020\/04\/11-1-300x114.jpg 300w, https:\/\/www.yohemi.com\/wp-content\/uploads\/2020\/04\/11-1-768x292.jpg 768w\" sizes=\"auto, (max-width: 820px) 100vw, 820px\" \/><\/figure>\n\n\n<h2>Aulas individuais<\/h2>\n<p><span style=\"font-weight: 400;\">Gostaria de ter uma conex\u00e3o mais pessoal e ao mesmo tempo desenvolver a seu pr\u00f3prio estilo de praticar yoga? Eu ofere\u00e7o aulas privadas que s\u00e3o adaptadas \u00e0s suas necessidades pessoais dependendo dos seus objetivos. Estas aulas s\u00e3o focadas \u00fanica e especialmente em SI.<\/span><\/p>\n<p><span style=\"font-weight: 400;\">Talvez tenha um estilo de vida estressante, muito ocupado e necessita de um pouco de tempo para relaxar? Ou talvez apenas queira aumentar a sua flexibilidade ou trabalhar a sua zona abdominal? Ou talvez seja uma iniciante e n\u00e3o se sente confiante o suficiente para ir a uma aula em grupo e prefere aprender as bases de forma mais privada? Qualquer que seja a raz\u00e3o, eu posso ajud\u00e1-la a conquistar os seus objetivos. <\/span><\/p>\n<p><span style=\"font-weight: 400;\">As aulas privadas podem ser dadas no conforto da sua casa ou num dos est\u00fadios onde eu trabalho. Entre em contacto comigo para discutir as suas necessidades espec\u00edficas e como posso gui\u00e1-la e ajud\u00e1-la durante os seus treinos de yoga.<\/span><\/p>\n<h4><span style=\"font-weight: 400;\">Pre\u00e7os<\/span><\/h4>\n<p><span style=\"font-weight: 400;\">1 aula \u2013 40\u20ac \/ <\/span><span style=\"font-weight: 400;\">Pack de 4 aulas \u2013 140\u20ac<\/span><\/p>\n<p class=\"_1mf _1mj\" data-offset-key=\"ee8bf-0-0\"><span data-offset-key=\"ee8bf-0-0\">Para mais informac\u00e3o e inscric\u00f5es <\/span><a href=\"http:\/\/www.yohemi.com\/en\/contact-me\/\">consulte aqui<\/a><\/p>\n\n\n<figure class=\"wp-block-image size-large\"><img loading=\"lazy\" decoding=\"async\" width=\"820\" height=\"312\" src=\"https:\/\/www.yohemi.com\/wp-content\/uploads\/2020\/04\/PC2.jpg\" alt=\"\" class=\"wp-image-535\" srcset=\"https:\/\/www.yohemi.com\/wp-content\/uploads\/2020\/04\/PC2.jpg 820w, https:\/\/www.yohemi.com\/wp-content\/uploads\/2020\/04\/PC2-300x114.jpg 300w, https:\/\/www.yohemi.com\/wp-content\/uploads\/2020\/04\/PC2-768x292.jpg 768w\" sizes=\"auto, (max-width: 820px) 100vw, 820px\" \/><\/figure>\n\n\n\n<h2 class=\"wp-block-heading\">Aulas de grupo<\/h2>\n\n\n\n<p>Tamb\u00e9m organizo aulas privadas para os grupos num est\u00fadio de yoga ou ao ar livre num terra\u00e7o com uma vista maravilhosa da cidade.&nbsp;Se quiser fazer a sua experi\u00eancia de yoga ainda mais especial h\u00e1&nbsp;uma op\u00e7\u00e3o de ter um brunch&nbsp; vegetariano\/vegano depois de aula de&nbsp;yoga e desfrutar da comida enquanto apreciar beleza de Lisboa.<\/p>\n\n\n\n<h4 class=\"wp-block-heading\">Pre\u00e7os<\/h4>\n\n\n\n<p>1 hora de Yoga para um grupo at\u00e9 4 pessoas 50\u20ac \/ Mais que 4 pessoas &#8211; 12\u20ac por cada pessoa <\/p>\n\n\n\n<p>1 hora de Yoga e Brunch 25\u20ac por cada pessoa. O m\u00ednimo de 4 pessoas<\/p>\n\n\n\n<p> Para mais informac\u00e3o e inscric\u00f5es <a href=\"http:\/\/www.yohemi.com\/en\/contact-me\/\">consulte aqui<\/a><\/p>\n","protected":false},"excerpt":{"rendered":"<p>Aulas individuais Gostaria de ter uma conex\u00e3o mais pessoal e ao mesmo tempo desenvolver a seu pr\u00f3prio estilo de praticar yoga? Eu ofere\u00e7o aulas privadas que s\u00e3o adaptadas \u00e0s suas necessidades pessoais dependendo dos seus objetivos. Estas aulas s\u00e3o focadas \u00fanica e especialmente em SI. Talvez tenha um estilo de vida estressante, muito ocupado e&hellip;<\/p>\n","protected":false},"author":1,"featured_media":0,"parent":0,"menu_order":0,"comment_status":"closed","ping_status":"closed","template":"","meta":{"footnotes":""},"class_list":["post-30","page","type-page","status-publish","hentry","description-off"],"yoast_head":"<!-- This site is optimized with the Yoast SEO plugin v24.9 - https:\/\/yoast.com\/wordpress\/plugins\/seo\/ -->\n<title>Aulas privadas - Yohemi<\/title>\n<meta name=\"robots\" content=\"index, follow, max-snippet:-1, max-image-preview:large, max-video-preview:-1\" \/>\n<link rel=\"canonical\" href=\"https:\/\/www.yohemi.com\/pt-pt\/aulas-privadas\/\" \/>\n<meta property=\"og:locale\" content=\"pt_PT\" \/>\n<meta property=\"og:type\" content=\"article\" \/>\n<meta property=\"og:title\" content=\"Aulas privadas - Yohemi\" \/>\n<meta property=\"og:description\" content=\"Aulas individuais Gostaria de ter uma conex\u00e3o mais pessoal e ao mesmo tempo desenvolver a seu pr\u00f3prio estilo de praticar yoga? Eu ofere\u00e7o aulas privadas que s\u00e3o adaptadas \u00e0s suas necessidades pessoais dependendo dos seus objetivos. Estas aulas s\u00e3o focadas \u00fanica e especialmente em SI. Talvez tenha um estilo de vida estressante, muito ocupado e&hellip;\" \/>\n<meta property=\"og:url\" content=\"https:\/\/www.yohemi.com\/pt-pt\/aulas-privadas\/\" \/>\n<meta property=\"og:site_name\" content=\"Yohemi\" \/>\n<meta property=\"article:modified_time\" content=\"2020-05-11T13:08:29+00:00\" \/>\n<meta property=\"og:image\" content=\"https:\/\/www.yohemi.com\/wp-content\/uploads\/2020\/04\/11-1.jpg\" \/>\n<meta name=\"twitter:card\" content=\"summary_large_image\" \/>\n<meta name=\"twitter:label1\" content=\"Tempo estimado de leitura\" \/>\n\t<meta name=\"twitter:data1\" content=\"1 minuto\" \/>\n<script type=\"application\/ld+json\" class=\"yoast-schema-graph\">{\"@context\":\"https:\/\/schema.org\",\"@graph\":[{\"@type\":\"WebPage\",\"@id\":\"https:\/\/www.yohemi.com\/pt-pt\/aulas-privadas\/\",\"url\":\"https:\/\/www.yohemi.com\/pt-pt\/aulas-privadas\/\",\"name\":\"Aulas privadas - Yohemi\",\"isPartOf\":{\"@id\":\"https:\/\/www.yohemi.com\/pt-pt\/#website\"},\"primaryImageOfPage\":{\"@id\":\"https:\/\/www.yohemi.com\/pt-pt\/aulas-privadas\/#primaryimage\"},\"image\":{\"@id\":\"https:\/\/www.yohemi.com\/pt-pt\/aulas-privadas\/#primaryimage\"},\"thumbnailUrl\":\"https:\/\/www.yohemi.com\/wp-content\/uploads\/2020\/04\/11-1.jpg\",\"datePublished\":\"2020-04-02T13:20:01+00:00\",\"dateModified\":\"2020-05-11T13:08:29+00:00\",\"breadcrumb\":{\"@id\":\"https:\/\/www.yohemi.com\/pt-pt\/aulas-privadas\/#breadcrumb\"},\"inLanguage\":\"pt-PT\",\"potentialAction\":[{\"@type\":\"ReadAction\",\"target\":[\"https:\/\/www.yohemi.com\/pt-pt\/aulas-privadas\/\"]}]},{\"@type\":\"ImageObject\",\"inLanguage\":\"pt-PT\",\"@id\":\"https:\/\/www.yohemi.com\/pt-pt\/aulas-privadas\/#primaryimage\",\"url\":\"https:\/\/www.yohemi.com\/wp-content\/uploads\/2020\/04\/11-1.jpg\",\"contentUrl\":\"https:\/\/www.yohemi.com\/wp-content\/uploads\/2020\/04\/11-1.jpg\"},{\"@type\":\"BreadcrumbList\",\"@id\":\"https:\/\/www.yohemi.com\/pt-pt\/aulas-privadas\/#breadcrumb\",\"itemListElement\":[{\"@type\":\"ListItem\",\"position\":1,\"name\":\"Home\",\"item\":\"https:\/\/www.yohemi.com\/pt-pt\/\"},{\"@type\":\"ListItem\",\"position\":2,\"name\":\"Aulas privadas\"}]},{\"@type\":\"WebSite\",\"@id\":\"https:\/\/www.yohemi.com\/pt-pt\/#website\",\"url\":\"https:\/\/www.yohemi.com\/pt-pt\/\",\"name\":\"Yohemi\",\"description\":\"\",\"potentialAction\":[{\"@type\":\"SearchAction\",\"target\":{\"@type\":\"EntryPoint\",\"urlTemplate\":\"https:\/\/www.yohemi.com\/pt-pt\/?s={search_term_string}\"},\"query-input\":{\"@type\":\"PropertyValueSpecification\",\"valueRequired\":true,\"valueName\":\"search_term_string\"}}],\"inLanguage\":\"pt-PT\"}]}<\/script>\n<!-- \/ Yoast SEO plugin. -->","yoast_head_json":{"title":"Aulas privadas - Yohemi","robots":{"index":"index","follow":"follow","max-snippet":"max-snippet:-1","max-image-preview":"max-image-preview:large","max-video-preview":"max-video-preview:-1"},"canonical":"https:\/\/www.yohemi.com\/pt-pt\/aulas-privadas\/","og_locale":"pt_PT","og_type":"article","og_title":"Aulas privadas - Yohemi","og_description":"Aulas individuais Gostaria de ter uma conex\u00e3o mais pessoal e ao mesmo tempo desenvolver a seu pr\u00f3prio estilo de praticar yoga? Eu ofere\u00e7o aulas privadas que s\u00e3o adaptadas \u00e0s suas necessidades pessoais dependendo dos seus objetivos. Estas aulas s\u00e3o focadas \u00fanica e especialmente em SI. Talvez tenha um estilo de vida estressante, muito ocupado e&hellip;","og_url":"https:\/\/www.yohemi.com\/pt-pt\/aulas-privadas\/","og_site_name":"Yohemi","article_modified_time":"2020-05-11T13:08:29+00:00","og_image":[{"url":"https:\/\/www.yohemi.com\/wp-content\/uploads\/2020\/04\/11-1.jpg","type":"","width":"","height":""}],"twitter_card":"summary_large_image","twitter_misc":{"Tempo estimado de leitura":"1 minuto"},"schema":{"@context":"https:\/\/schema.org","@graph":[{"@type":"WebPage","@id":"https:\/\/www.yohemi.com\/pt-pt\/aulas-privadas\/","url":"https:\/\/www.yohemi.com\/pt-pt\/aulas-privadas\/","name":"Aulas privadas - Yohemi","isPartOf":{"@id":"https:\/\/www.yohemi.com\/pt-pt\/#website"},"primaryImageOfPage":{"@id":"https:\/\/www.yohemi.com\/pt-pt\/aulas-privadas\/#primaryimage"},"image":{"@id":"https:\/\/www.yohemi.com\/pt-pt\/aulas-privadas\/#primaryimage"},"thumbnailUrl":"https:\/\/www.yohemi.com\/wp-content\/uploads\/2020\/04\/11-1.jpg","datePublished":"2020-04-02T13:20:01+00:00","dateModified":"2020-05-11T13:08:29+00:00","breadcrumb":{"@id":"https:\/\/www.yohemi.com\/pt-pt\/aulas-privadas\/#breadcrumb"},"inLanguage":"pt-PT","potentialAction":[{"@type":"ReadAction","target":["https:\/\/www.yohemi.com\/pt-pt\/aulas-privadas\/"]}]},{"@type":"ImageObject","inLanguage":"pt-PT","@id":"https:\/\/www.yohemi.com\/pt-pt\/aulas-privadas\/#primaryimage","url":"https:\/\/www.yohemi.com\/wp-content\/uploads\/2020\/04\/11-1.jpg","contentUrl":"https:\/\/www.yohemi.com\/wp-content\/uploads\/2020\/04\/11-1.jpg"},{"@type":"BreadcrumbList","@id":"https:\/\/www.yohemi.com\/pt-pt\/aulas-privadas\/#breadcrumb","itemListElement":[{"@type":"ListItem","position":1,"name":"Home","item":"https:\/\/www.yohemi.com\/pt-pt\/"},{"@type":"ListItem","position":2,"name":"Aulas privadas"}]},{"@type":"WebSite","@id":"https:\/\/www.yohemi.com\/pt-pt\/#website","url":"https:\/\/www.yohemi.com\/pt-pt\/","name":"Yohemi","description":"","potentialAction":[{"@type":"SearchAction","target":{"@type":"EntryPoint","urlTemplate":"https:\/\/www.yohemi.com\/pt-pt\/?s={search_term_string}"},"query-input":{"@type":"PropertyValueSpecification","valueRequired":true,"valueName":"search_term_string"}}],"inLanguage":"pt-PT"}]}},"_links":{"self":[{"href":"https:\/\/www.yohemi.com\/pt-pt\/wp-json\/wp\/v2\/pages\/30","targetHints":{"allow":["GET"]}}],"collection":[{"href":"https:\/\/www.yohemi.com\/pt-pt\/wp-json\/wp\/v2\/pages"}],"about":[{"href":"https:\/\/www.yohemi.com\/pt-pt\/wp-json\/wp\/v2\/types\/page"}],"author":[{"embeddable":true,"href":"https:\/\/www.yohemi.com\/pt-pt\/wp-json\/wp\/v2\/users\/1"}],"replies":[{"embeddable":true,"href":"https:\/\/www.yohemi.com\/pt-pt\/wp-json\/wp\/v2\/comments?post=30"}],"version-history":[{"count":9,"href":"https:\/\/www.yohemi.com\/pt-pt\/wp-json\/wp\/v2\/pages\/30\/revisions"}],"predecessor-version":[{"id":836,"href":"https:\/\/www.yohemi.com\/pt-pt\/wp-json\/wp\/v2\/pages\/30\/revisions\/836"}],"wp:attachment":[{"href":"https:\/\/www.yohemi.com\/pt-pt\/wp-json\/wp\/v2\/media?parent=30"}],"curies":[{"name":"wp","href":"https:\/\/api.w.org\/{rel}","templated":true}]}}