{"id":43,"date":"2020-04-02T13:26:34","date_gmt":"2020-04-02T13:26:34","guid":{"rendered":"https:\/\/dev.yohemi.com\/?page_id=43"},"modified":"2020-04-27T09:40:04","modified_gmt":"2020-04-27T09:40:04","slug":"yoni-yoga-curso-de-6-semanas-para-mulheres","status":"publish","type":"page","link":"https:\/\/www.yohemi.com\/pt-pt\/yoni-yoga-curso-de-6-semanas-para-mulheres\/","title":{"rendered":"Yoni Yoga ~ Curso de 6 semanas para Mulheres"},"content":{"rendered":"\n<figure class=\"wp-block-image size-large\"><img loading=\"lazy\" decoding=\"async\" width=\"1024\" height=\"576\" src=\"https:\/\/www.yohemi.com\/wp-content\/uploads\/2020\/04\/yoni-egg1-1024x576.jpg\" alt=\"\" class=\"wp-image-642\" srcset=\"https:\/\/www.yohemi.com\/wp-content\/uploads\/2020\/04\/yoni-egg1-1024x576.jpg 1024w, https:\/\/www.yohemi.com\/wp-content\/uploads\/2020\/04\/yoni-egg1-300x169.jpg 300w, https:\/\/www.yohemi.com\/wp-content\/uploads\/2020\/04\/yoni-egg1-768x432.jpg 768w, https:\/\/www.yohemi.com\/wp-content\/uploads\/2020\/04\/yoni-egg1-1536x864.jpg 1536w, https:\/\/www.yohemi.com\/wp-content\/uploads\/2020\/04\/yoni-egg1.jpg 1920w\" sizes=\"auto, (max-width: 1024px) 100vw, 1024px\" \/><\/figure>\n\n\n\n<h3 class=\"wp-block-heading\">a proxima data a ser anunciada<\/h3>\n\n\n\n<p>Yoni Yoga \u00e9 uma pr\u00e1tica direcionada para Mulheres juntando ensinamentos da Yoga do \u00datero e exerc\u00edcios com Ovos de Yoni. Yoni Yoga \u00e9 praticada com intens\u00e3o de fortalecer e beneficiar a sa\u00fade, sexualidade e criatividade da Mulher, incluindo o objetivo de trazer mais equil\u00edbrio com nutrir e prazer em sua vida de Mulher.<\/p>\n\n\n\n<p>Yoni significa em s\u00e2nscrito \u201co templo sagrado\u201d e refere-se \u00e0 vagina de Mulher. Em Tantra e Taosimo ela e considerada uma porta c\u00f3smica ao universo, onde nasce a \u201corigem\u201d, a \u201cess\u00eancia\u201d. A Yoni \u00e9 a parte anat\u00f3mica mais Feminina do corpo da Mulher, recetiva e muito sens\u00edvel. Guarda muita sabedoria, mist\u00e9rio e poder. Lamentavelmente, muitas Mulheres guardam nesta parte muitas emo\u00e7\u00f5es indesejadas e reprimidas, mem\u00f3rias e cren\u00e7as limitativas que podem causar tens\u00e3o, dor ou insensibilidade na zona p\u00e9lvica. Por consequ\u00eancia, sentem-se desconectadas deste centro vital que pode resultar em pouca alegria e pouco prazer na vida cotidiana, criativa e sexual.<\/p>\n\n\n\n<p>A Yoni Yoga ajuda as Mulheres a aumentar a sensibilidade da Yoni, criando conex\u00e3o entre \u00datero e Cora\u00e7\u00e3o (Sexo e Amor), tonifica os m\u00fasculos p\u00e9lvicos e liberta tens\u00f5es na Yoni para que seja mais sens\u00edvel, viva e vibrante. Quando os m\u00fasculos p\u00e9lvicos s\u00e3o fortes e flex\u00edveis, permitem movimenta\u00e7\u00e3o flu\u00edda e previnem (evitam) fuga de energia vital e energia sexual, trazendo muitos benef\u00edcios para a sa\u00fade e sexualidade da Mulher. O uso consciente do Ovo de Yoni ajuda a Mulher mudar padr\u00f5es pouco saud\u00e1veis na mem\u00f3ria celular e recupera equil\u00edbrio salutar nos tecidos sensuais e assim expande o prazer.<\/p>\n\n\n\n<p>Os Ovos de Yoni s\u00e3o feitos de diferentes cristais, no entanto tradicionalmente na China Ant\u00edga foram feitos a partir de Jade. A Jade \u00e9 um cristal muito equilibrador e enraizador, sendo por isso perfeito para come\u00e7ar a pr\u00e1tica. Se gostavas de trabalhar com outro cristal fala comigo por favor.<\/p>\n\n\n\n<h3 class=\"wp-block-heading\">O que vais aprender neste curso:<\/h3>\n\n\n\n<p>* Conectar e conhecer a tua Yoni \u2013 anatomia b\u00e1sica, criar um mapa da Yoni, desenvolver presen\u00e7a p\u00e9lvica<\/p>\n\n\n\n<p>* Criar conex\u00e3o \u00datero \u2013 Yoni \u2013 Cora\u00e7\u00e3o com pr\u00e1ticas de Yoga do \u00datero<\/p>\n\n\n\n<p>* Pr\u00e1tica de libertar armadura de bloqueios \u2013 import\u00e2ncia de relaxamento, liberta\u00e7\u00e3o de tens\u00f5es e bloqueios, suspiro da Yoni<br>.<br>* T\u00e9cnicas de massagem de seios para abrir e ativar o corpo.<\/p>\n\n\n\n<p>* Pr\u00e1tica com Ovos de Yoni:<br>~ Inser\u00e7\u00e3o gentil (ouvir o sim e n\u00e3o interno);<br>~ Desenvolver escuta profunda, honrar sensa\u00e7\u00f5es do corpo;<br>~ Posi\u00e7\u00f5es deitadas, sentadas e de p\u00e9;<br>~ Trabalhar segmentos de Yoni internamente.<\/p>\n\n\n\n<p>*Pr\u00e1ticas de respira\u00e7\u00e3o:<br>~ \u00d3rbita microc\u00f3smica;<br>~ Respira\u00e7\u00e3o ov\u00e1rica;<br>~ Respira\u00e7\u00e3o expansiva.<\/p>\n\n\n\n<p>O curso est\u00e1 limitado a 7 Mulheres. Vamos realizar este trabalho num c\u00edrculo \u00edntimo onde cada Mulher ser\u00e1 apoiada com respeito \u00e0s necessidades e limita\u00e7\u00f5es pr\u00f3prias, seguindo o seu ritmo. <\/p>\n\n\n\n<h3 class=\"wp-block-heading\">Quando e onde?<\/h3>\n\n\n\n<p>no Little Yoga Space. Em total 18 horas.<\/p>\n\n\n\n<h3 class=\"wp-block-heading\">Pre\u00e7o:<\/h3>\n\n\n\n<p>Valor antecipado 130\u20ac at\u00e9 ao dia 18 de Fevreiro<br>170\u20ac depois do  dia 18 de Fevreiro   <\/p>\n\n\n\n<h3 class=\"wp-block-heading\"> <br>Para mais informa\u00e7\u00f5es e inscri\u00e7\u00f5es <span class=\"has-inline-color has-accent-color\"><a href=\"http:\/\/www.yohemi.com\/en\/contact-me\/\">Contact Me<\/a> <\/span><\/h3>\n\n\n\n<h3 class=\"wp-block-heading\"><br><\/h3>\n\n\n\n<figure class=\"wp-block-gallery columns-3 is-cropped wp-block-gallery-1 is-layout-flex wp-block-gallery-is-layout-flex\"><ul class=\"blocks-gallery-grid\"><li class=\"blocks-gallery-item\"><figure><img loading=\"lazy\" decoding=\"async\" width=\"1024\" height=\"768\" src=\"https:\/\/www.yohemi.com\/wp-content\/uploads\/2020\/04\/IMG_20190831_133552__01a-1024x768.jpg\" alt=\"\" data-id=\"718\" data-link=\"https:\/\/www.yohemi.com\/yoni-yoga-curso-de-6-semanas-para-mulheres\/img_20190831_133552__01a\/\" class=\"wp-image-718\" srcset=\"https:\/\/www.yohemi.com\/wp-content\/uploads\/2020\/04\/IMG_20190831_133552__01a-1024x768.jpg 1024w, https:\/\/www.yohemi.com\/wp-content\/uploads\/2020\/04\/IMG_20190831_133552__01a-300x225.jpg 300w, https:\/\/www.yohemi.com\/wp-content\/uploads\/2020\/04\/IMG_20190831_133552__01a-768x576.jpg 768w, https:\/\/www.yohemi.com\/wp-content\/uploads\/2020\/04\/IMG_20190831_133552__01a-1536x1152.jpg 1536w, https:\/\/www.yohemi.com\/wp-content\/uploads\/2020\/04\/IMG_20190831_133552__01a-2048x1536.jpg 2048w\" sizes=\"auto, (max-width: 1024px) 100vw, 1024px\" \/><\/figure><\/li><li class=\"blocks-gallery-item\"><figure><img loading=\"lazy\" decoding=\"async\" width=\"935\" height=\"1024\" src=\"https:\/\/www.yohemi.com\/wp-content\/uploads\/2020\/04\/IMG_20190831_101621__01-935x1024.jpg\" alt=\"\" data-id=\"728\" data-link=\"https:\/\/www.yohemi.com\/yoni-yoga-curso-de-6-semanas-para-mulheres\/img_20190831_101621__01\/\" class=\"wp-image-728\" srcset=\"https:\/\/www.yohemi.com\/wp-content\/uploads\/2020\/04\/IMG_20190831_101621__01-935x1024.jpg 935w, https:\/\/www.yohemi.com\/wp-content\/uploads\/2020\/04\/IMG_20190831_101621__01-274x300.jpg 274w, https:\/\/www.yohemi.com\/wp-content\/uploads\/2020\/04\/IMG_20190831_101621__01-768x841.jpg 768w, https:\/\/www.yohemi.com\/wp-content\/uploads\/2020\/04\/IMG_20190831_101621__01-1403x1536.jpg 1403w, https:\/\/www.yohemi.com\/wp-content\/uploads\/2020\/04\/IMG_20190831_101621__01-1871x2048.jpg 1871w, https:\/\/www.yohemi.com\/wp-content\/uploads\/2020\/04\/IMG_20190831_101621__01.jpg 1911w\" sizes=\"auto, (max-width: 935px) 100vw, 935px\" \/><\/figure><\/li><li class=\"blocks-gallery-item\"><figure><img loading=\"lazy\" decoding=\"async\" width=\"960\" height=\"720\" src=\"https:\/\/www.yohemi.com\/wp-content\/uploads\/2020\/04\/Yoni-egg-workshop-19th-May-2019.jpg\" alt=\"\" data-id=\"726\" data-link=\"https:\/\/www.yohemi.com\/yoni-yoga-curso-de-6-semanas-para-mulheres\/yoni-egg-workshop-19th-may-2019\/\" class=\"wp-image-726\" srcset=\"https:\/\/www.yohemi.com\/wp-content\/uploads\/2020\/04\/Yoni-egg-workshop-19th-May-2019.jpg 960w, https:\/\/www.yohemi.com\/wp-content\/uploads\/2020\/04\/Yoni-egg-workshop-19th-May-2019-300x225.jpg 300w, https:\/\/www.yohemi.com\/wp-content\/uploads\/2020\/04\/Yoni-egg-workshop-19th-May-2019-768x576.jpg 768w\" sizes=\"auto, (max-width: 960px) 100vw, 960px\" \/><\/figure><\/li><\/ul><\/figure>\n\n\n\n<p><\/p>\n","protected":false},"excerpt":{"rendered":"<p>a proxima data a ser anunciada Yoni Yoga \u00e9 uma pr\u00e1tica direcionada para Mulheres juntando ensinamentos da Yoga do \u00datero e exerc\u00edcios com Ovos de Yoni. Yoni Yoga \u00e9 praticada com intens\u00e3o de fortalecer e beneficiar a sa\u00fade, sexualidade e criatividade da Mulher, incluindo o objetivo de trazer mais equil\u00edbrio com nutrir e prazer em&hellip;<\/p>\n","protected":false},"author":1,"featured_media":0,"parent":0,"menu_order":0,"comment_status":"closed","ping_status":"closed","template":"","meta":{"footnotes":""},"class_list":["post-43","page","type-page","status-publish","hentry","description-off"],"yoast_head":"<!-- This site is optimized with the Yoast SEO plugin v24.9 - https:\/\/yoast.com\/wordpress\/plugins\/seo\/ -->\n<title>Yoni Yoga ~ Curso de 6 semanas para Mulheres - Yohemi<\/title>\n<meta name=\"robots\" content=\"index, follow, max-snippet:-1, max-image-preview:large, max-video-preview:-1\" \/>\n<link rel=\"canonical\" href=\"https:\/\/www.yohemi.com\/pt-pt\/yoni-yoga-curso-de-6-semanas-para-mulheres\/\" \/>\n<meta property=\"og:locale\" content=\"pt_PT\" \/>\n<meta property=\"og:type\" content=\"article\" \/>\n<meta property=\"og:title\" content=\"Yoni Yoga ~ Curso de 6 semanas para Mulheres - Yohemi\" \/>\n<meta property=\"og:description\" content=\"a proxima data a ser anunciada Yoni Yoga \u00e9 uma pr\u00e1tica direcionada para Mulheres juntando ensinamentos da Yoga do \u00datero e exerc\u00edcios com Ovos de Yoni. Yoni Yoga \u00e9 praticada com intens\u00e3o de fortalecer e beneficiar a sa\u00fade, sexualidade e criatividade da Mulher, incluindo o objetivo de trazer mais equil\u00edbrio com nutrir e prazer em&hellip;\" \/>\n<meta property=\"og:url\" content=\"https:\/\/www.yohemi.com\/pt-pt\/yoni-yoga-curso-de-6-semanas-para-mulheres\/\" \/>\n<meta property=\"og:site_name\" content=\"Yohemi\" \/>\n<meta property=\"article:modified_time\" content=\"2020-04-27T09:40:04+00:00\" \/>\n<meta property=\"og:image\" content=\"https:\/\/www.yohemi.com\/wp-content\/uploads\/2020\/04\/yoni-egg1-1024x576.jpg\" \/>\n<meta name=\"twitter:card\" content=\"summary_large_image\" \/>\n<meta name=\"twitter:label1\" content=\"Tempo estimado de leitura\" \/>\n\t<meta name=\"twitter:data1\" content=\"3 minutos\" \/>\n<script type=\"application\/ld+json\" class=\"yoast-schema-graph\">{\"@context\":\"https:\/\/schema.org\",\"@graph\":[{\"@type\":\"WebPage\",\"@id\":\"https:\/\/www.yohemi.com\/pt-pt\/yoni-yoga-curso-de-6-semanas-para-mulheres\/\",\"url\":\"https:\/\/www.yohemi.com\/pt-pt\/yoni-yoga-curso-de-6-semanas-para-mulheres\/\",\"name\":\"Yoni Yoga ~ Curso de 6 semanas para Mulheres - Yohemi\",\"isPartOf\":{\"@id\":\"https:\/\/www.yohemi.com\/pt-pt\/#website\"},\"primaryImageOfPage\":{\"@id\":\"https:\/\/www.yohemi.com\/pt-pt\/yoni-yoga-curso-de-6-semanas-para-mulheres\/#primaryimage\"},\"image\":{\"@id\":\"https:\/\/www.yohemi.com\/pt-pt\/yoni-yoga-curso-de-6-semanas-para-mulheres\/#primaryimage\"},\"thumbnailUrl\":\"https:\/\/www.yohemi.com\/wp-content\/uploads\/2020\/04\/yoni-egg1-1024x576.jpg\",\"datePublished\":\"2020-04-02T13:26:34+00:00\",\"dateModified\":\"2020-04-27T09:40:04+00:00\",\"breadcrumb\":{\"@id\":\"https:\/\/www.yohemi.com\/pt-pt\/yoni-yoga-curso-de-6-semanas-para-mulheres\/#breadcrumb\"},\"inLanguage\":\"pt-PT\",\"potentialAction\":[{\"@type\":\"ReadAction\",\"target\":[\"https:\/\/www.yohemi.com\/pt-pt\/yoni-yoga-curso-de-6-semanas-para-mulheres\/\"]}]},{\"@type\":\"ImageObject\",\"inLanguage\":\"pt-PT\",\"@id\":\"https:\/\/www.yohemi.com\/pt-pt\/yoni-yoga-curso-de-6-semanas-para-mulheres\/#primaryimage\",\"url\":\"https:\/\/www.yohemi.com\/wp-content\/uploads\/2020\/04\/yoni-egg1-1024x576.jpg\",\"contentUrl\":\"https:\/\/www.yohemi.com\/wp-content\/uploads\/2020\/04\/yoni-egg1-1024x576.jpg\"},{\"@type\":\"BreadcrumbList\",\"@id\":\"https:\/\/www.yohemi.com\/pt-pt\/yoni-yoga-curso-de-6-semanas-para-mulheres\/#breadcrumb\",\"itemListElement\":[{\"@type\":\"ListItem\",\"position\":1,\"name\":\"Home\",\"item\":\"https:\/\/www.yohemi.com\/pt-pt\/\"},{\"@type\":\"ListItem\",\"position\":2,\"name\":\"Yoni Yoga ~ Curso de 6 semanas para Mulheres\"}]},{\"@type\":\"WebSite\",\"@id\":\"https:\/\/www.yohemi.com\/pt-pt\/#website\",\"url\":\"https:\/\/www.yohemi.com\/pt-pt\/\",\"name\":\"Yohemi\",\"description\":\"\",\"potentialAction\":[{\"@type\":\"SearchAction\",\"target\":{\"@type\":\"EntryPoint\",\"urlTemplate\":\"https:\/\/www.yohemi.com\/pt-pt\/?s={search_term_string}\"},\"query-input\":{\"@type\":\"PropertyValueSpecification\",\"valueRequired\":true,\"valueName\":\"search_term_string\"}}],\"inLanguage\":\"pt-PT\"}]}<\/script>\n<!-- \/ Yoast SEO plugin. -->","yoast_head_json":{"title":"Yoni Yoga ~ Curso de 6 semanas para Mulheres - Yohemi","robots":{"index":"index","follow":"follow","max-snippet":"max-snippet:-1","max-image-preview":"max-image-preview:large","max-video-preview":"max-video-preview:-1"},"canonical":"https:\/\/www.yohemi.com\/pt-pt\/yoni-yoga-curso-de-6-semanas-para-mulheres\/","og_locale":"pt_PT","og_type":"article","og_title":"Yoni Yoga ~ Curso de 6 semanas para Mulheres - Yohemi","og_description":"a proxima data a ser anunciada Yoni Yoga \u00e9 uma pr\u00e1tica direcionada para Mulheres juntando ensinamentos da Yoga do \u00datero e exerc\u00edcios com Ovos de Yoni. Yoni Yoga \u00e9 praticada com intens\u00e3o de fortalecer e beneficiar a sa\u00fade, sexualidade e criatividade da Mulher, incluindo o objetivo de trazer mais equil\u00edbrio com nutrir e prazer em&hellip;","og_url":"https:\/\/www.yohemi.com\/pt-pt\/yoni-yoga-curso-de-6-semanas-para-mulheres\/","og_site_name":"Yohemi","article_modified_time":"2020-04-27T09:40:04+00:00","og_image":[{"url":"https:\/\/www.yohemi.com\/wp-content\/uploads\/2020\/04\/yoni-egg1-1024x576.jpg","type":"","width":"","height":""}],"twitter_card":"summary_large_image","twitter_misc":{"Tempo estimado de leitura":"3 minutos"},"schema":{"@context":"https:\/\/schema.org","@graph":[{"@type":"WebPage","@id":"https:\/\/www.yohemi.com\/pt-pt\/yoni-yoga-curso-de-6-semanas-para-mulheres\/","url":"https:\/\/www.yohemi.com\/pt-pt\/yoni-yoga-curso-de-6-semanas-para-mulheres\/","name":"Yoni Yoga ~ Curso de 6 semanas para Mulheres - Yohemi","isPartOf":{"@id":"https:\/\/www.yohemi.com\/pt-pt\/#website"},"primaryImageOfPage":{"@id":"https:\/\/www.yohemi.com\/pt-pt\/yoni-yoga-curso-de-6-semanas-para-mulheres\/#primaryimage"},"image":{"@id":"https:\/\/www.yohemi.com\/pt-pt\/yoni-yoga-curso-de-6-semanas-para-mulheres\/#primaryimage"},"thumbnailUrl":"https:\/\/www.yohemi.com\/wp-content\/uploads\/2020\/04\/yoni-egg1-1024x576.jpg","datePublished":"2020-04-02T13:26:34+00:00","dateModified":"2020-04-27T09:40:04+00:00","breadcrumb":{"@id":"https:\/\/www.yohemi.com\/pt-pt\/yoni-yoga-curso-de-6-semanas-para-mulheres\/#breadcrumb"},"inLanguage":"pt-PT","potentialAction":[{"@type":"ReadAction","target":["https:\/\/www.yohemi.com\/pt-pt\/yoni-yoga-curso-de-6-semanas-para-mulheres\/"]}]},{"@type":"ImageObject","inLanguage":"pt-PT","@id":"https:\/\/www.yohemi.com\/pt-pt\/yoni-yoga-curso-de-6-semanas-para-mulheres\/#primaryimage","url":"https:\/\/www.yohemi.com\/wp-content\/uploads\/2020\/04\/yoni-egg1-1024x576.jpg","contentUrl":"https:\/\/www.yohemi.com\/wp-content\/uploads\/2020\/04\/yoni-egg1-1024x576.jpg"},{"@type":"BreadcrumbList","@id":"https:\/\/www.yohemi.com\/pt-pt\/yoni-yoga-curso-de-6-semanas-para-mulheres\/#breadcrumb","itemListElement":[{"@type":"ListItem","position":1,"name":"Home","item":"https:\/\/www.yohemi.com\/pt-pt\/"},{"@type":"ListItem","position":2,"name":"Yoni Yoga ~ Curso de 6 semanas para Mulheres"}]},{"@type":"WebSite","@id":"https:\/\/www.yohemi.com\/pt-pt\/#website","url":"https:\/\/www.yohemi.com\/pt-pt\/","name":"Yohemi","description":"","potentialAction":[{"@type":"SearchAction","target":{"@type":"EntryPoint","urlTemplate":"https:\/\/www.yohemi.com\/pt-pt\/?s={search_term_string}"},"query-input":{"@type":"PropertyValueSpecification","valueRequired":true,"valueName":"search_term_string"}}],"inLanguage":"pt-PT"}]}},"_links":{"self":[{"href":"https:\/\/www.yohemi.com\/pt-pt\/wp-json\/wp\/v2\/pages\/43","targetHints":{"allow":["GET"]}}],"collection":[{"href":"https:\/\/www.yohemi.com\/pt-pt\/wp-json\/wp\/v2\/pages"}],"about":[{"href":"https:\/\/www.yohemi.com\/pt-pt\/wp-json\/wp\/v2\/types\/page"}],"author":[{"embeddable":true,"href":"https:\/\/www.yohemi.com\/pt-pt\/wp-json\/wp\/v2\/users\/1"}],"replies":[{"embeddable":true,"href":"https:\/\/www.yohemi.com\/pt-pt\/wp-json\/wp\/v2\/comments?post=43"}],"version-history":[{"count":7,"href":"https:\/\/www.yohemi.com\/pt-pt\/wp-json\/wp\/v2\/pages\/43\/revisions"}],"predecessor-version":[{"id":747,"href":"https:\/\/www.yohemi.com\/pt-pt\/wp-json\/wp\/v2\/pages\/43\/revisions\/747"}],"wp:attachment":[{"href":"https:\/\/www.yohemi.com\/pt-pt\/wp-json\/wp\/v2\/media?parent=43"}],"curies":[{"name":"wp","href":"https:\/\/api.w.org\/{rel}","templated":true}]}}