{"id":49,"date":"2020-04-02T13:29:39","date_gmt":"2020-04-02T13:29:39","guid":{"rendered":"https:\/\/dev.yohemi.com\/?page_id=49"},"modified":"2020-04-25T15:16:22","modified_gmt":"2020-04-25T15:16:22","slug":"massagem-thai-yoga-lisboa","status":"publish","type":"page","link":"https:\/\/www.yohemi.com\/pt-pt\/massagem-thai-yoga-lisboa\/","title":{"rendered":"Massagem Thai Yoga Lisboa"},"content":{"rendered":"\n<figure class=\"wp-block-image size-large is-resized\"><img loading=\"lazy\" decoding=\"async\" src=\"https:\/\/www.yohemi.com\/wp-content\/uploads\/2020\/04\/3-3.jpg\" alt=\"\" class=\"wp-image-564\" width=\"789\" height=\"661\" srcset=\"https:\/\/www.yohemi.com\/wp-content\/uploads\/2020\/04\/3-3.jpg 940w, https:\/\/www.yohemi.com\/wp-content\/uploads\/2020\/04\/3-3-300x251.jpg 300w, https:\/\/www.yohemi.com\/wp-content\/uploads\/2020\/04\/3-3-768x644.jpg 768w\" sizes=\"auto, (max-width: 789px) 100vw, 789px\" \/><\/figure>\n\n\n\n<h3 class=\"wp-block-heading\"><strong>O que \u00e9?<\/strong><\/h3>\n\n\n\n<p>As origens da massagem Thai yoga v\u00eam das tradi\u00e7\u00f5es budistas anci\u00e3s. Ao contr\u00e1rio de outros tipos de massagem, esta \u00e9 feita com a roupa vestida e no ch\u00e3o. O terapista usa o seu pr\u00f3prio corpoe para criar os alongamentos f\u00edsicos ( semelhantes ao yoga comum), trabalhar a energia e pontos de acupress\u00e3o para libertar a tens\u00e3o e bloqueios no corpo. Este tipo de massagem combina movimentos est\u00e1ticos e din\u00e2micos e, por vezes, chega a parecer uma dan\u00e7a entre duas pessoas e \u00e9 por esta raz\u00e3o que esta pr\u00e1ctica muitas vezes \u00e9 chamada de Dan\u00e7a Sagrada. O objetivo principal \u00e9 equilibrar todo o seu corpo. O ritmo lento e preciso acalma o sistema nervoso e traz um sentimento de relaxamento intenso. Eu foco-me nas qualidades meditativas da massagem de modo a melhor trazer a minha presen\u00e7a, aten\u00e7\u00e3o e simpatia.<\/p>\n\n\n\n<h3 class=\"wp-block-heading\"><strong>Alguns benef\u00edcios:<\/strong><\/h3>\n\n\n\n<ul class=\"wp-block-list\"><li>relaxa o corpo e a mente<\/li><li>acalma o sistema nervoso &nbsp;e alivia os sintomas do stress<\/li><li>ajuda a aliviar dores de cabe\u00e7a, do pesco\u00e7o e das costas<\/li><li>liberta tens\u00e3o f\u00edsica<\/li><li>estimula os nossos \u00f3rg\u00e3os vitais<\/li><li>melhora a digest\u00e3o e circula\u00e7\u00e3o<\/li><li>ajuda-nos a atingir um sono mais profundo e de melhor qualidade<\/li><li>d\u00e1 ao corpo o seu equil\u00edbrio natural<\/li><li>entre muitas outras<\/li><\/ul>\n\n\n\n<h3 class=\"wp-block-heading\"><strong>Informa\u00e7\u00e3o \u00fatil<\/strong><\/h3>\n\n\n\n<ul class=\"wp-block-list\"><li>Traga roupa larga e confort\u00e1vel ( se necess\u00e1rio pode trazer um camada extra e meias quentes para assegurar que est\u00e1 a uma temperatura confort\u00e1vel durante o treino)<\/li><li>Se tiver alguma problema m\u00e9dico, por favor, informe-me com anteced\u00eancia de modo a eu ter tempo de planear a sess\u00e3o de acordo com as suas necessidades<\/li><\/ul>\n\n\n\n<figure class=\"wp-block-gallery columns-3 is-cropped wp-block-gallery-1 is-layout-flex wp-block-gallery-is-layout-flex\"><ul class=\"blocks-gallery-grid\"><li class=\"blocks-gallery-item\"><figure><img loading=\"lazy\" decoding=\"async\" width=\"1024\" height=\"681\" src=\"https:\/\/www.yohemi.com\/wp-content\/uploads\/2020\/04\/DSC_0137a-1024x681.jpg\" alt=\"\" data-id=\"582\" data-full-url=\"https:\/\/www.yohemi.com\/wp-content\/uploads\/2020\/04\/DSC_0137a.jpg\" data-link=\"https:\/\/www.yohemi.com\/massagem-thai-yoga-lisboa\/dsc_0137a-2\/\" class=\"wp-image-582\" srcset=\"https:\/\/www.yohemi.com\/wp-content\/uploads\/2020\/04\/DSC_0137a-1024x681.jpg 1024w, https:\/\/www.yohemi.com\/wp-content\/uploads\/2020\/04\/DSC_0137a-300x200.jpg 300w, https:\/\/www.yohemi.com\/wp-content\/uploads\/2020\/04\/DSC_0137a-768x511.jpg 768w, https:\/\/www.yohemi.com\/wp-content\/uploads\/2020\/04\/DSC_0137a-1536x1022.jpg 1536w, https:\/\/www.yohemi.com\/wp-content\/uploads\/2020\/04\/DSC_0137a-2048x1363.jpg 2048w\" sizes=\"auto, (max-width: 1024px) 100vw, 1024px\" \/><\/figure><\/li><li class=\"blocks-gallery-item\"><figure><img loading=\"lazy\" decoding=\"async\" width=\"1024\" height=\"681\" src=\"https:\/\/www.yohemi.com\/wp-content\/uploads\/2020\/04\/DSC_0132a-1024x681.jpg\" alt=\"\" data-id=\"584\" data-full-url=\"https:\/\/www.yohemi.com\/wp-content\/uploads\/2020\/04\/DSC_0132a.jpg\" data-link=\"https:\/\/www.yohemi.com\/massagem-thai-yoga-lisboa\/dsc_0132a-2\/\" class=\"wp-image-584\" srcset=\"https:\/\/www.yohemi.com\/wp-content\/uploads\/2020\/04\/DSC_0132a-1024x681.jpg 1024w, https:\/\/www.yohemi.com\/wp-content\/uploads\/2020\/04\/DSC_0132a-300x200.jpg 300w, https:\/\/www.yohemi.com\/wp-content\/uploads\/2020\/04\/DSC_0132a-768x511.jpg 768w, https:\/\/www.yohemi.com\/wp-content\/uploads\/2020\/04\/DSC_0132a-1536x1022.jpg 1536w, https:\/\/www.yohemi.com\/wp-content\/uploads\/2020\/04\/DSC_0132a-2048x1363.jpg 2048w\" sizes=\"auto, (max-width: 1024px) 100vw, 1024px\" \/><\/figure><\/li><li class=\"blocks-gallery-item\"><figure><img loading=\"lazy\" decoding=\"async\" width=\"1024\" height=\"681\" src=\"https:\/\/www.yohemi.com\/wp-content\/uploads\/2020\/04\/DSC_0126a-1024x681.jpg\" alt=\"\" data-id=\"586\" data-full-url=\"https:\/\/www.yohemi.com\/wp-content\/uploads\/2020\/04\/DSC_0126a.jpg\" data-link=\"https:\/\/www.yohemi.com\/massagem-thai-yoga-lisboa\/dsc_0126a-2\/\" class=\"wp-image-586\" srcset=\"https:\/\/www.yohemi.com\/wp-content\/uploads\/2020\/04\/DSC_0126a-1024x681.jpg 1024w, https:\/\/www.yohemi.com\/wp-content\/uploads\/2020\/04\/DSC_0126a-300x200.jpg 300w, https:\/\/www.yohemi.com\/wp-content\/uploads\/2020\/04\/DSC_0126a-768x511.jpg 768w, https:\/\/www.yohemi.com\/wp-content\/uploads\/2020\/04\/DSC_0126a-1536x1022.jpg 1536w, https:\/\/www.yohemi.com\/wp-content\/uploads\/2020\/04\/DSC_0126a-2048x1363.jpg 2048w\" sizes=\"auto, (max-width: 1024px) 100vw, 1024px\" \/><\/figure><\/li><\/ul><\/figure>\n\n\n<h3><b>Marque um tratamento<\/b><\/h3>\n<p><\/p>\n<iframe loading=\"lazy\" class=\"setmore-iframe\" src=\"https:\/\/my.setmore.com\/bookingpage\/4a18b225-9cec-4ee1-b2af-caf8d03b82e3?lang=english\" width=\"585\" height=\"680\" frameborder=\"0\"><\/iframe><style>@media only screen and (max-width: 585px) { iframe.setmore-iframe { width: 100%; } }<\/style>\n<p><\/p>","protected":false},"excerpt":{"rendered":"<p>O que \u00e9? As origens da massagem Thai yoga v\u00eam das tradi\u00e7\u00f5es budistas anci\u00e3s. Ao contr\u00e1rio de outros tipos de massagem, esta \u00e9 feita com a roupa vestida e no ch\u00e3o. O terapista usa o seu pr\u00f3prio corpoe para criar os alongamentos f\u00edsicos ( semelhantes ao yoga comum), trabalhar a energia e pontos de acupress\u00e3o&hellip;<\/p>\n","protected":false},"author":1,"featured_media":0,"parent":0,"menu_order":0,"comment_status":"closed","ping_status":"closed","template":"","meta":{"footnotes":""},"class_list":["post-49","page","type-page","status-publish","hentry","description-off"],"yoast_head":"<!-- This site is optimized with the Yoast SEO plugin v24.9 - https:\/\/yoast.com\/wordpress\/plugins\/seo\/ -->\n<title>Massagem Thai Yoga Lisboa - Yohemi<\/title>\n<meta name=\"robots\" content=\"index, follow, max-snippet:-1, max-image-preview:large, max-video-preview:-1\" \/>\n<link rel=\"canonical\" href=\"https:\/\/www.yohemi.com\/pt-pt\/massagem-thai-yoga-lisboa\/\" \/>\n<meta property=\"og:locale\" content=\"pt_PT\" \/>\n<meta property=\"og:type\" content=\"article\" \/>\n<meta property=\"og:title\" content=\"Massagem Thai Yoga Lisboa - Yohemi\" \/>\n<meta property=\"og:description\" content=\"O que \u00e9? As origens da massagem Thai yoga v\u00eam das tradi\u00e7\u00f5es budistas anci\u00e3s. Ao contr\u00e1rio de outros tipos de massagem, esta \u00e9 feita com a roupa vestida e no ch\u00e3o. O terapista usa o seu pr\u00f3prio corpoe para criar os alongamentos f\u00edsicos ( semelhantes ao yoga comum), trabalhar a energia e pontos de acupress\u00e3o&hellip;\" \/>\n<meta property=\"og:url\" content=\"https:\/\/www.yohemi.com\/pt-pt\/massagem-thai-yoga-lisboa\/\" \/>\n<meta property=\"og:site_name\" content=\"Yohemi\" \/>\n<meta property=\"article:modified_time\" content=\"2020-04-25T15:16:22+00:00\" \/>\n<meta property=\"og:image\" content=\"https:\/\/www.yohemi.com\/wp-content\/uploads\/2020\/04\/3-3.jpg\" \/>\n<meta name=\"twitter:card\" content=\"summary_large_image\" \/>\n<meta name=\"twitter:label1\" content=\"Tempo estimado de leitura\" \/>\n\t<meta name=\"twitter:data1\" content=\"1 minuto\" \/>\n<script type=\"application\/ld+json\" class=\"yoast-schema-graph\">{\"@context\":\"https:\/\/schema.org\",\"@graph\":[{\"@type\":\"WebPage\",\"@id\":\"https:\/\/www.yohemi.com\/pt-pt\/massagem-thai-yoga-lisboa\/\",\"url\":\"https:\/\/www.yohemi.com\/pt-pt\/massagem-thai-yoga-lisboa\/\",\"name\":\"Massagem Thai Yoga Lisboa - Yohemi\",\"isPartOf\":{\"@id\":\"https:\/\/www.yohemi.com\/pt-pt\/#website\"},\"primaryImageOfPage\":{\"@id\":\"https:\/\/www.yohemi.com\/pt-pt\/massagem-thai-yoga-lisboa\/#primaryimage\"},\"image\":{\"@id\":\"https:\/\/www.yohemi.com\/pt-pt\/massagem-thai-yoga-lisboa\/#primaryimage\"},\"thumbnailUrl\":\"https:\/\/www.yohemi.com\/wp-content\/uploads\/2020\/04\/3-3.jpg\",\"datePublished\":\"2020-04-02T13:29:39+00:00\",\"dateModified\":\"2020-04-25T15:16:22+00:00\",\"breadcrumb\":{\"@id\":\"https:\/\/www.yohemi.com\/pt-pt\/massagem-thai-yoga-lisboa\/#breadcrumb\"},\"inLanguage\":\"pt-PT\",\"potentialAction\":[{\"@type\":\"ReadAction\",\"target\":[\"https:\/\/www.yohemi.com\/pt-pt\/massagem-thai-yoga-lisboa\/\"]}]},{\"@type\":\"ImageObject\",\"inLanguage\":\"pt-PT\",\"@id\":\"https:\/\/www.yohemi.com\/pt-pt\/massagem-thai-yoga-lisboa\/#primaryimage\",\"url\":\"https:\/\/www.yohemi.com\/wp-content\/uploads\/2020\/04\/3-3.jpg\",\"contentUrl\":\"https:\/\/www.yohemi.com\/wp-content\/uploads\/2020\/04\/3-3.jpg\"},{\"@type\":\"BreadcrumbList\",\"@id\":\"https:\/\/www.yohemi.com\/pt-pt\/massagem-thai-yoga-lisboa\/#breadcrumb\",\"itemListElement\":[{\"@type\":\"ListItem\",\"position\":1,\"name\":\"Home\",\"item\":\"https:\/\/www.yohemi.com\/pt-pt\/\"},{\"@type\":\"ListItem\",\"position\":2,\"name\":\"Massagem Thai Yoga Lisboa\"}]},{\"@type\":\"WebSite\",\"@id\":\"https:\/\/www.yohemi.com\/pt-pt\/#website\",\"url\":\"https:\/\/www.yohemi.com\/pt-pt\/\",\"name\":\"Yohemi\",\"description\":\"\",\"potentialAction\":[{\"@type\":\"SearchAction\",\"target\":{\"@type\":\"EntryPoint\",\"urlTemplate\":\"https:\/\/www.yohemi.com\/pt-pt\/?s={search_term_string}\"},\"query-input\":{\"@type\":\"PropertyValueSpecification\",\"valueRequired\":true,\"valueName\":\"search_term_string\"}}],\"inLanguage\":\"pt-PT\"}]}<\/script>\n<!-- \/ Yoast SEO plugin. -->","yoast_head_json":{"title":"Massagem Thai Yoga Lisboa - Yohemi","robots":{"index":"index","follow":"follow","max-snippet":"max-snippet:-1","max-image-preview":"max-image-preview:large","max-video-preview":"max-video-preview:-1"},"canonical":"https:\/\/www.yohemi.com\/pt-pt\/massagem-thai-yoga-lisboa\/","og_locale":"pt_PT","og_type":"article","og_title":"Massagem Thai Yoga Lisboa - Yohemi","og_description":"O que \u00e9? As origens da massagem Thai yoga v\u00eam das tradi\u00e7\u00f5es budistas anci\u00e3s. Ao contr\u00e1rio de outros tipos de massagem, esta \u00e9 feita com a roupa vestida e no ch\u00e3o. O terapista usa o seu pr\u00f3prio corpoe para criar os alongamentos f\u00edsicos ( semelhantes ao yoga comum), trabalhar a energia e pontos de acupress\u00e3o&hellip;","og_url":"https:\/\/www.yohemi.com\/pt-pt\/massagem-thai-yoga-lisboa\/","og_site_name":"Yohemi","article_modified_time":"2020-04-25T15:16:22+00:00","og_image":[{"url":"https:\/\/www.yohemi.com\/wp-content\/uploads\/2020\/04\/3-3.jpg","type":"","width":"","height":""}],"twitter_card":"summary_large_image","twitter_misc":{"Tempo estimado de leitura":"1 minuto"},"schema":{"@context":"https:\/\/schema.org","@graph":[{"@type":"WebPage","@id":"https:\/\/www.yohemi.com\/pt-pt\/massagem-thai-yoga-lisboa\/","url":"https:\/\/www.yohemi.com\/pt-pt\/massagem-thai-yoga-lisboa\/","name":"Massagem Thai Yoga Lisboa - Yohemi","isPartOf":{"@id":"https:\/\/www.yohemi.com\/pt-pt\/#website"},"primaryImageOfPage":{"@id":"https:\/\/www.yohemi.com\/pt-pt\/massagem-thai-yoga-lisboa\/#primaryimage"},"image":{"@id":"https:\/\/www.yohemi.com\/pt-pt\/massagem-thai-yoga-lisboa\/#primaryimage"},"thumbnailUrl":"https:\/\/www.yohemi.com\/wp-content\/uploads\/2020\/04\/3-3.jpg","datePublished":"2020-04-02T13:29:39+00:00","dateModified":"2020-04-25T15:16:22+00:00","breadcrumb":{"@id":"https:\/\/www.yohemi.com\/pt-pt\/massagem-thai-yoga-lisboa\/#breadcrumb"},"inLanguage":"pt-PT","potentialAction":[{"@type":"ReadAction","target":["https:\/\/www.yohemi.com\/pt-pt\/massagem-thai-yoga-lisboa\/"]}]},{"@type":"ImageObject","inLanguage":"pt-PT","@id":"https:\/\/www.yohemi.com\/pt-pt\/massagem-thai-yoga-lisboa\/#primaryimage","url":"https:\/\/www.yohemi.com\/wp-content\/uploads\/2020\/04\/3-3.jpg","contentUrl":"https:\/\/www.yohemi.com\/wp-content\/uploads\/2020\/04\/3-3.jpg"},{"@type":"BreadcrumbList","@id":"https:\/\/www.yohemi.com\/pt-pt\/massagem-thai-yoga-lisboa\/#breadcrumb","itemListElement":[{"@type":"ListItem","position":1,"name":"Home","item":"https:\/\/www.yohemi.com\/pt-pt\/"},{"@type":"ListItem","position":2,"name":"Massagem Thai Yoga Lisboa"}]},{"@type":"WebSite","@id":"https:\/\/www.yohemi.com\/pt-pt\/#website","url":"https:\/\/www.yohemi.com\/pt-pt\/","name":"Yohemi","description":"","potentialAction":[{"@type":"SearchAction","target":{"@type":"EntryPoint","urlTemplate":"https:\/\/www.yohemi.com\/pt-pt\/?s={search_term_string}"},"query-input":{"@type":"PropertyValueSpecification","valueRequired":true,"valueName":"search_term_string"}}],"inLanguage":"pt-PT"}]}},"_links":{"self":[{"href":"https:\/\/www.yohemi.com\/pt-pt\/wp-json\/wp\/v2\/pages\/49","targetHints":{"allow":["GET"]}}],"collection":[{"href":"https:\/\/www.yohemi.com\/pt-pt\/wp-json\/wp\/v2\/pages"}],"about":[{"href":"https:\/\/www.yohemi.com\/pt-pt\/wp-json\/wp\/v2\/types\/page"}],"author":[{"embeddable":true,"href":"https:\/\/www.yohemi.com\/pt-pt\/wp-json\/wp\/v2\/users\/1"}],"replies":[{"embeddable":true,"href":"https:\/\/www.yohemi.com\/pt-pt\/wp-json\/wp\/v2\/comments?post=49"}],"version-history":[{"count":3,"href":"https:\/\/www.yohemi.com\/pt-pt\/wp-json\/wp\/v2\/pages\/49\/revisions"}],"predecessor-version":[{"id":589,"href":"https:\/\/www.yohemi.com\/pt-pt\/wp-json\/wp\/v2\/pages\/49\/revisions\/589"}],"wp:attachment":[{"href":"https:\/\/www.yohemi.com\/pt-pt\/wp-json\/wp\/v2\/media?parent=49"}],"curies":[{"name":"wp","href":"https:\/\/api.w.org\/{rel}","templated":true}]}}