{"id":525,"date":"2020-04-24T18:14:22","date_gmt":"2020-04-24T18:14:22","guid":{"rendered":"https:\/\/www.yohemi.com\/?page_id=525"},"modified":"2021-01-20T17:57:22","modified_gmt":"2021-01-20T17:57:22","slug":"yoga-ao-ar-livre","status":"publish","type":"page","link":"https:\/\/www.yohemi.com\/pt-pt\/yoga-ao-ar-livre\/","title":{"rendered":"Yoga ao ar livre"},"content":{"rendered":"\n<h3 class=\"wp-block-heading\">Aulas de yoga semanais &#8211; Voltamos em Mar\u00e7o 2021<\/h3>\n\n\n\n<figure class=\"wp-block-image size-large\"><img loading=\"lazy\" decoding=\"async\" width=\"940\" height=\"788\" src=\"https:\/\/www.yohemi.com\/wp-content\/uploads\/2020\/04\/Outdoor-Yoga.jpg\" alt=\"\" class=\"wp-image-473\" srcset=\"https:\/\/www.yohemi.com\/wp-content\/uploads\/2020\/04\/Outdoor-Yoga.jpg 940w, https:\/\/www.yohemi.com\/wp-content\/uploads\/2020\/04\/Outdoor-Yoga-300x251.jpg 300w, https:\/\/www.yohemi.com\/wp-content\/uploads\/2020\/04\/Outdoor-Yoga-768x644.jpg 768w\" sizes=\"auto, (max-width: 940px) 100vw, 940px\" \/><\/figure>\n\n\n\n<h2 class=\"wp-block-heading\">Yoga no terra\u00e7o no This is Lisbon Hostel<\/h2>\n\n\n\n<h3 class=\"wp-block-heading\">nos s\u00e1bados \u00e0s 10h <\/h3>\n\n\n\n<p>\u200bThis Is Lisbon Hostel \u00e9 localizado no bairro hist\u00f3rico perto do castelo e tem um terra\u00e7o grande com uma vista fabulosa.&nbsp;Junta-te a pr\u00e1tica de yoga matinal ao ar livre, estica, respira, conecta contigo e disfruta do sol. Estas aulas s\u00e3o limitadas para 8 pessoas. \u00c9 importante fazer a tua inscri\u00e7\u00e3o antes da aula&nbsp;aqui&nbsp;<a rel=\"noreferrer noopener\" target=\"_blank\" href=\"https:\/\/www.supersaas.co.uk\/schedule\/Rooftop_Yoga_Lisboa\/Rooftop_Yoga_Lisboa?fbclid=IwAR2qaczRk7MVKoDa_3TWy_blnkvJchFuLXLe1Px4kusxnJXhKW3RdyF2zpE\">https:\/\/www.supersaas.co.uk\/schedule\/Rooftop_Yoga_Lisboa\/Rooftop_Yoga_Lisboa<\/a><\/p>\n\n\n\n<p>Aula avulso 10\u20ac&nbsp;<br>Mensalidade 35\u20ac (1 vez&nbsp;por semana)<br>Passe de 6 aulas 50\u20ac (v\u00e1lido por 2 meses)&nbsp;<\/p>\n\n\n\n<figure class=\"wp-block-gallery columns-3 is-cropped wp-block-gallery-1 is-layout-flex wp-block-gallery-is-layout-flex\"><ul class=\"blocks-gallery-grid\"><li class=\"blocks-gallery-item\"><figure><img loading=\"lazy\" decoding=\"async\" width=\"1024\" height=\"683\" src=\"https:\/\/www.yohemi.com\/wp-content\/uploads\/2020\/06\/2-1024x683.jpg\" alt=\"\" data-id=\"1009\" data-full-url=\"https:\/\/www.yohemi.com\/wp-content\/uploads\/2020\/06\/2.jpg\" data-link=\"https:\/\/www.yohemi.com\/yoga-ao-ar-livre\/2-3-2\/\" class=\"wp-image-1009\" srcset=\"https:\/\/www.yohemi.com\/wp-content\/uploads\/2020\/06\/2-1024x683.jpg 1024w, https:\/\/www.yohemi.com\/wp-content\/uploads\/2020\/06\/2-300x200.jpg 300w, https:\/\/www.yohemi.com\/wp-content\/uploads\/2020\/06\/2-768x512.jpg 768w, https:\/\/www.yohemi.com\/wp-content\/uploads\/2020\/06\/2.jpg 1086w\" sizes=\"auto, (max-width: 1024px) 100vw, 1024px\" \/><\/figure><\/li><li class=\"blocks-gallery-item\"><figure><img loading=\"lazy\" decoding=\"async\" width=\"1024\" height=\"682\" src=\"https:\/\/www.yohemi.com\/wp-content\/uploads\/2020\/06\/RooftopYoga_CARINAPILZ-63-1024x682.jpg\" alt=\"\" data-id=\"1013\" data-full-url=\"https:\/\/www.yohemi.com\/wp-content\/uploads\/2020\/06\/RooftopYoga_CARINAPILZ-63.jpg\" data-link=\"https:\/\/www.yohemi.com\/yoga-ao-ar-livre\/rooftopyoga_carinapilz-63-2\/\" class=\"wp-image-1013\" srcset=\"https:\/\/www.yohemi.com\/wp-content\/uploads\/2020\/06\/RooftopYoga_CARINAPILZ-63-1024x682.jpg 1024w, https:\/\/www.yohemi.com\/wp-content\/uploads\/2020\/06\/RooftopYoga_CARINAPILZ-63-300x200.jpg 300w, https:\/\/www.yohemi.com\/wp-content\/uploads\/2020\/06\/RooftopYoga_CARINAPILZ-63-768x512.jpg 768w, https:\/\/www.yohemi.com\/wp-content\/uploads\/2020\/06\/RooftopYoga_CARINAPILZ-63-1536x1024.jpg 1536w, https:\/\/www.yohemi.com\/wp-content\/uploads\/2020\/06\/RooftopYoga_CARINAPILZ-63-2048x1365.jpg 2048w\" sizes=\"auto, (max-width: 1024px) 100vw, 1024px\" \/><\/figure><\/li><li class=\"blocks-gallery-item\"><figure><img loading=\"lazy\" decoding=\"async\" width=\"960\" height=\"666\" src=\"https:\/\/www.yohemi.com\/wp-content\/uploads\/2020\/04\/yoga-nidra.jpg\" alt=\"\" data-id=\"512\" data-full-url=\"https:\/\/www.yohemi.com\/wp-content\/uploads\/2020\/04\/yoga-nidra.jpg\" data-link=\"https:\/\/www.yohemi.com\/yoga-ao-ar-livre\/yoga-nidra-2\/\" class=\"wp-image-512\" srcset=\"https:\/\/www.yohemi.com\/wp-content\/uploads\/2020\/04\/yoga-nidra.jpg 960w, https:\/\/www.yohemi.com\/wp-content\/uploads\/2020\/04\/yoga-nidra-300x208.jpg 300w, https:\/\/www.yohemi.com\/wp-content\/uploads\/2020\/04\/yoga-nidra-768x533.jpg 768w\" sizes=\"auto, (max-width: 960px) 100vw, 960px\" \/><\/figure><\/li><\/ul><\/figure>\n","protected":false},"excerpt":{"rendered":"<p>Aulas de yoga semanais &#8211; Voltamos em Mar\u00e7o 2021 Yoga no terra\u00e7o no This is Lisbon Hostel nos s\u00e1bados \u00e0s 10h \u200bThis Is Lisbon Hostel \u00e9 localizado no bairro hist\u00f3rico perto do castelo e tem um terra\u00e7o grande com uma vista fabulosa.&nbsp;Junta-te a pr\u00e1tica de yoga matinal ao ar livre, estica, respira, conecta contigo e&hellip;<\/p>\n","protected":false},"author":1,"featured_media":0,"parent":0,"menu_order":0,"comment_status":"closed","ping_status":"closed","template":"","meta":{"footnotes":""},"class_list":["post-525","page","type-page","status-publish","hentry","description-off"],"yoast_head":"<!-- This site is optimized with the Yoast SEO plugin v24.9 - https:\/\/yoast.com\/wordpress\/plugins\/seo\/ -->\n<title>Yoga ao ar livre - Yohemi<\/title>\n<meta name=\"robots\" content=\"index, follow, max-snippet:-1, max-image-preview:large, max-video-preview:-1\" \/>\n<link rel=\"canonical\" href=\"https:\/\/www.yohemi.com\/pt-pt\/yoga-ao-ar-livre\/\" \/>\n<meta property=\"og:locale\" content=\"pt_PT\" \/>\n<meta property=\"og:type\" content=\"article\" \/>\n<meta property=\"og:title\" content=\"Yoga ao ar livre - Yohemi\" \/>\n<meta property=\"og:description\" content=\"Aulas de yoga semanais &#8211; Voltamos em Mar\u00e7o 2021 Yoga no terra\u00e7o no This is Lisbon Hostel nos s\u00e1bados \u00e0s 10h \u200bThis Is Lisbon Hostel \u00e9 localizado no bairro hist\u00f3rico perto do castelo e tem um terra\u00e7o grande com uma vista fabulosa.&nbsp;Junta-te a pr\u00e1tica de yoga matinal ao ar livre, estica, respira, conecta contigo e&hellip;\" \/>\n<meta property=\"og:url\" content=\"https:\/\/www.yohemi.com\/pt-pt\/yoga-ao-ar-livre\/\" \/>\n<meta property=\"og:site_name\" content=\"Yohemi\" \/>\n<meta property=\"article:modified_time\" content=\"2021-01-20T17:57:22+00:00\" \/>\n<meta property=\"og:image\" content=\"https:\/\/www.yohemi.com\/wp-content\/uploads\/2020\/04\/Outdoor-Yoga.jpg\" \/>\n<meta name=\"twitter:card\" content=\"summary_large_image\" \/>\n<meta name=\"twitter:label1\" content=\"Tempo estimado de leitura\" \/>\n\t<meta name=\"twitter:data1\" content=\"2 minutos\" \/>\n<script type=\"application\/ld+json\" class=\"yoast-schema-graph\">{\"@context\":\"https:\/\/schema.org\",\"@graph\":[{\"@type\":\"WebPage\",\"@id\":\"https:\/\/www.yohemi.com\/pt-pt\/yoga-ao-ar-livre\/\",\"url\":\"https:\/\/www.yohemi.com\/pt-pt\/yoga-ao-ar-livre\/\",\"name\":\"Yoga ao ar livre - Yohemi\",\"isPartOf\":{\"@id\":\"https:\/\/www.yohemi.com\/pt-pt\/#website\"},\"primaryImageOfPage\":{\"@id\":\"https:\/\/www.yohemi.com\/pt-pt\/yoga-ao-ar-livre\/#primaryimage\"},\"image\":{\"@id\":\"https:\/\/www.yohemi.com\/pt-pt\/yoga-ao-ar-livre\/#primaryimage\"},\"thumbnailUrl\":\"https:\/\/www.yohemi.com\/wp-content\/uploads\/2020\/04\/Outdoor-Yoga.jpg\",\"datePublished\":\"2020-04-24T18:14:22+00:00\",\"dateModified\":\"2021-01-20T17:57:22+00:00\",\"breadcrumb\":{\"@id\":\"https:\/\/www.yohemi.com\/pt-pt\/yoga-ao-ar-livre\/#breadcrumb\"},\"inLanguage\":\"pt-PT\",\"potentialAction\":[{\"@type\":\"ReadAction\",\"target\":[\"https:\/\/www.yohemi.com\/pt-pt\/yoga-ao-ar-livre\/\"]}]},{\"@type\":\"ImageObject\",\"inLanguage\":\"pt-PT\",\"@id\":\"https:\/\/www.yohemi.com\/pt-pt\/yoga-ao-ar-livre\/#primaryimage\",\"url\":\"https:\/\/www.yohemi.com\/wp-content\/uploads\/2020\/04\/Outdoor-Yoga.jpg\",\"contentUrl\":\"https:\/\/www.yohemi.com\/wp-content\/uploads\/2020\/04\/Outdoor-Yoga.jpg\"},{\"@type\":\"BreadcrumbList\",\"@id\":\"https:\/\/www.yohemi.com\/pt-pt\/yoga-ao-ar-livre\/#breadcrumb\",\"itemListElement\":[{\"@type\":\"ListItem\",\"position\":1,\"name\":\"Home\",\"item\":\"https:\/\/www.yohemi.com\/pt-pt\/\"},{\"@type\":\"ListItem\",\"position\":2,\"name\":\"Yoga ao ar livre\"}]},{\"@type\":\"WebSite\",\"@id\":\"https:\/\/www.yohemi.com\/pt-pt\/#website\",\"url\":\"https:\/\/www.yohemi.com\/pt-pt\/\",\"name\":\"Yohemi\",\"description\":\"\",\"potentialAction\":[{\"@type\":\"SearchAction\",\"target\":{\"@type\":\"EntryPoint\",\"urlTemplate\":\"https:\/\/www.yohemi.com\/pt-pt\/?s={search_term_string}\"},\"query-input\":{\"@type\":\"PropertyValueSpecification\",\"valueRequired\":true,\"valueName\":\"search_term_string\"}}],\"inLanguage\":\"pt-PT\"}]}<\/script>\n<!-- \/ Yoast SEO plugin. -->","yoast_head_json":{"title":"Yoga ao ar livre - Yohemi","robots":{"index":"index","follow":"follow","max-snippet":"max-snippet:-1","max-image-preview":"max-image-preview:large","max-video-preview":"max-video-preview:-1"},"canonical":"https:\/\/www.yohemi.com\/pt-pt\/yoga-ao-ar-livre\/","og_locale":"pt_PT","og_type":"article","og_title":"Yoga ao ar livre - Yohemi","og_description":"Aulas de yoga semanais &#8211; Voltamos em Mar\u00e7o 2021 Yoga no terra\u00e7o no This is Lisbon Hostel nos s\u00e1bados \u00e0s 10h \u200bThis Is Lisbon Hostel \u00e9 localizado no bairro hist\u00f3rico perto do castelo e tem um terra\u00e7o grande com uma vista fabulosa.&nbsp;Junta-te a pr\u00e1tica de yoga matinal ao ar livre, estica, respira, conecta contigo e&hellip;","og_url":"https:\/\/www.yohemi.com\/pt-pt\/yoga-ao-ar-livre\/","og_site_name":"Yohemi","article_modified_time":"2021-01-20T17:57:22+00:00","og_image":[{"url":"https:\/\/www.yohemi.com\/wp-content\/uploads\/2020\/04\/Outdoor-Yoga.jpg","type":"","width":"","height":""}],"twitter_card":"summary_large_image","twitter_misc":{"Tempo estimado de leitura":"2 minutos"},"schema":{"@context":"https:\/\/schema.org","@graph":[{"@type":"WebPage","@id":"https:\/\/www.yohemi.com\/pt-pt\/yoga-ao-ar-livre\/","url":"https:\/\/www.yohemi.com\/pt-pt\/yoga-ao-ar-livre\/","name":"Yoga ao ar livre - Yohemi","isPartOf":{"@id":"https:\/\/www.yohemi.com\/pt-pt\/#website"},"primaryImageOfPage":{"@id":"https:\/\/www.yohemi.com\/pt-pt\/yoga-ao-ar-livre\/#primaryimage"},"image":{"@id":"https:\/\/www.yohemi.com\/pt-pt\/yoga-ao-ar-livre\/#primaryimage"},"thumbnailUrl":"https:\/\/www.yohemi.com\/wp-content\/uploads\/2020\/04\/Outdoor-Yoga.jpg","datePublished":"2020-04-24T18:14:22+00:00","dateModified":"2021-01-20T17:57:22+00:00","breadcrumb":{"@id":"https:\/\/www.yohemi.com\/pt-pt\/yoga-ao-ar-livre\/#breadcrumb"},"inLanguage":"pt-PT","potentialAction":[{"@type":"ReadAction","target":["https:\/\/www.yohemi.com\/pt-pt\/yoga-ao-ar-livre\/"]}]},{"@type":"ImageObject","inLanguage":"pt-PT","@id":"https:\/\/www.yohemi.com\/pt-pt\/yoga-ao-ar-livre\/#primaryimage","url":"https:\/\/www.yohemi.com\/wp-content\/uploads\/2020\/04\/Outdoor-Yoga.jpg","contentUrl":"https:\/\/www.yohemi.com\/wp-content\/uploads\/2020\/04\/Outdoor-Yoga.jpg"},{"@type":"BreadcrumbList","@id":"https:\/\/www.yohemi.com\/pt-pt\/yoga-ao-ar-livre\/#breadcrumb","itemListElement":[{"@type":"ListItem","position":1,"name":"Home","item":"https:\/\/www.yohemi.com\/pt-pt\/"},{"@type":"ListItem","position":2,"name":"Yoga ao ar livre"}]},{"@type":"WebSite","@id":"https:\/\/www.yohemi.com\/pt-pt\/#website","url":"https:\/\/www.yohemi.com\/pt-pt\/","name":"Yohemi","description":"","potentialAction":[{"@type":"SearchAction","target":{"@type":"EntryPoint","urlTemplate":"https:\/\/www.yohemi.com\/pt-pt\/?s={search_term_string}"},"query-input":{"@type":"PropertyValueSpecification","valueRequired":true,"valueName":"search_term_string"}}],"inLanguage":"pt-PT"}]}},"_links":{"self":[{"href":"https:\/\/www.yohemi.com\/pt-pt\/wp-json\/wp\/v2\/pages\/525","targetHints":{"allow":["GET"]}}],"collection":[{"href":"https:\/\/www.yohemi.com\/pt-pt\/wp-json\/wp\/v2\/pages"}],"about":[{"href":"https:\/\/www.yohemi.com\/pt-pt\/wp-json\/wp\/v2\/types\/page"}],"author":[{"embeddable":true,"href":"https:\/\/www.yohemi.com\/pt-pt\/wp-json\/wp\/v2\/users\/1"}],"replies":[{"embeddable":true,"href":"https:\/\/www.yohemi.com\/pt-pt\/wp-json\/wp\/v2\/comments?post=525"}],"version-history":[{"count":13,"href":"https:\/\/www.yohemi.com\/pt-pt\/wp-json\/wp\/v2\/pages\/525\/revisions"}],"predecessor-version":[{"id":1608,"href":"https:\/\/www.yohemi.com\/pt-pt\/wp-json\/wp\/v2\/pages\/525\/revisions\/1608"}],"wp:attachment":[{"href":"https:\/\/www.yohemi.com\/pt-pt\/wp-json\/wp\/v2\/media?parent=525"}],"curies":[{"name":"wp","href":"https:\/\/api.w.org\/{rel}","templated":true}]}}