{"id":58,"date":"2020-04-02T13:32:57","date_gmt":"2020-04-02T13:32:57","guid":{"rendered":"https:\/\/dev.yohemi.com\/?page_id=58"},"modified":"2023-05-12T10:37:31","modified_gmt":"2023-05-12T10:37:31","slug":"precos-marcacoes","status":"publish","type":"page","link":"https:\/\/www.yohemi.com\/pt-pt\/precos-marcacoes\/","title":{"rendered":"Pre\u00e7os &#038; Marca\u00e7\u00f5es"},"content":{"rendered":"<h3><b>\u00a0Massagem Thai Yoga<\/b><\/h3>\n<ul>\n<li style=\"font-weight: 400;\"><span style=\"font-weight: 400;\">1h \u2013 55\u20ac<\/span><\/li>\n<li style=\"font-weight: 400;\"><span style=\"font-weight: 400;\">1,5h \u2013 70\u20ac<\/span><\/li>\n<li style=\"font-weight: 400;\"><span style=\"font-weight: 400;\">2h \u2013 85\u20ac<\/span><\/li>\n<\/ul>\n<h3><b>\u00a0Massagem do utero<\/b><\/h3>\n<ul>\n<li><span style=\"font-weight: 400;\">1,5h \u2013 70\u20ac<\/span><\/li>\n<\/ul>\n<h3><b>Marque uma massagem <\/b><\/h3>\n<ul>\n<li style=\"font-weight: 400;\"><span style=\"font-weight: 400;\">por favor selecione em baixo e preencha com os seus detalhes<\/span><\/li>\n<\/ul>\n<iframe loading=\"lazy\" class=\"setmore-iframe\" src=\"https:\/\/my.setmore.com\/bookingpage\/4a18b225-9cec-4ee1-b2af-caf8d03b82e3?lang=english\" width=\"585\" height=\"680\" frameborder=\"0\"><\/iframe><style>@media only screen and (max-width: 585px) { iframe.setmore-iframe { width: 100%; } }<\/style>\n","protected":false},"excerpt":{"rendered":"<p>\u00a0Massagem Thai Yoga 1h \u2013 55\u20ac 1,5h \u2013 70\u20ac 2h \u2013 85\u20ac \u00a0Massagem do utero 1,5h \u2013 70\u20ac Marque uma massagem por favor selecione em baixo e preencha com os seus detalhes<\/p>\n","protected":false},"author":1,"featured_media":0,"parent":0,"menu_order":0,"comment_status":"closed","ping_status":"closed","template":"","meta":{"footnotes":""},"class_list":["post-58","page","type-page","status-publish","hentry","description-off"],"yoast_head":"<!-- This site is optimized with the Yoast SEO plugin v24.9 - https:\/\/yoast.com\/wordpress\/plugins\/seo\/ -->\n<title>Pre\u00e7os &amp; Marca\u00e7\u00f5es - Yohemi<\/title>\n<meta name=\"robots\" content=\"index, follow, max-snippet:-1, max-image-preview:large, max-video-preview:-1\" \/>\n<link rel=\"canonical\" href=\"https:\/\/www.yohemi.com\/pt-pt\/precos-marcacoes\/\" \/>\n<meta property=\"og:locale\" content=\"pt_PT\" \/>\n<meta property=\"og:type\" content=\"article\" \/>\n<meta property=\"og:title\" content=\"Pre\u00e7os &amp; Marca\u00e7\u00f5es - Yohemi\" \/>\n<meta property=\"og:description\" content=\"\u00a0Massagem Thai Yoga 1h \u2013 55\u20ac 1,5h \u2013 70\u20ac 2h \u2013 85\u20ac \u00a0Massagem do utero 1,5h \u2013 70\u20ac Marque uma massagem por favor selecione em baixo e preencha com os seus detalhes\" \/>\n<meta property=\"og:url\" content=\"https:\/\/www.yohemi.com\/pt-pt\/precos-marcacoes\/\" \/>\n<meta property=\"og:site_name\" content=\"Yohemi\" \/>\n<meta property=\"article:modified_time\" content=\"2023-05-12T10:37:31+00:00\" \/>\n<meta name=\"twitter:card\" content=\"summary_large_image\" \/>\n<meta name=\"twitter:label1\" content=\"Tempo estimado de leitura\" \/>\n\t<meta name=\"twitter:data1\" content=\"1 minuto\" \/>\n<script type=\"application\/ld+json\" class=\"yoast-schema-graph\">{\"@context\":\"https:\/\/schema.org\",\"@graph\":[{\"@type\":\"WebPage\",\"@id\":\"https:\/\/www.yohemi.com\/pt-pt\/precos-marcacoes\/\",\"url\":\"https:\/\/www.yohemi.com\/pt-pt\/precos-marcacoes\/\",\"name\":\"Pre\u00e7os & Marca\u00e7\u00f5es - Yohemi\",\"isPartOf\":{\"@id\":\"https:\/\/www.yohemi.com\/pt-pt\/#website\"},\"datePublished\":\"2020-04-02T13:32:57+00:00\",\"dateModified\":\"2023-05-12T10:37:31+00:00\",\"breadcrumb\":{\"@id\":\"https:\/\/www.yohemi.com\/pt-pt\/precos-marcacoes\/#breadcrumb\"},\"inLanguage\":\"pt-PT\",\"potentialAction\":[{\"@type\":\"ReadAction\",\"target\":[\"https:\/\/www.yohemi.com\/pt-pt\/precos-marcacoes\/\"]}]},{\"@type\":\"BreadcrumbList\",\"@id\":\"https:\/\/www.yohemi.com\/pt-pt\/precos-marcacoes\/#breadcrumb\",\"itemListElement\":[{\"@type\":\"ListItem\",\"position\":1,\"name\":\"Home\",\"item\":\"https:\/\/www.yohemi.com\/pt-pt\/\"},{\"@type\":\"ListItem\",\"position\":2,\"name\":\"Pre\u00e7os &#038; Marca\u00e7\u00f5es\"}]},{\"@type\":\"WebSite\",\"@id\":\"https:\/\/www.yohemi.com\/pt-pt\/#website\",\"url\":\"https:\/\/www.yohemi.com\/pt-pt\/\",\"name\":\"Yohemi\",\"description\":\"\",\"potentialAction\":[{\"@type\":\"SearchAction\",\"target\":{\"@type\":\"EntryPoint\",\"urlTemplate\":\"https:\/\/www.yohemi.com\/pt-pt\/?s={search_term_string}\"},\"query-input\":{\"@type\":\"PropertyValueSpecification\",\"valueRequired\":true,\"valueName\":\"search_term_string\"}}],\"inLanguage\":\"pt-PT\"}]}<\/script>\n<!-- \/ Yoast SEO plugin. -->","yoast_head_json":{"title":"Pre\u00e7os & Marca\u00e7\u00f5es - Yohemi","robots":{"index":"index","follow":"follow","max-snippet":"max-snippet:-1","max-image-preview":"max-image-preview:large","max-video-preview":"max-video-preview:-1"},"canonical":"https:\/\/www.yohemi.com\/pt-pt\/precos-marcacoes\/","og_locale":"pt_PT","og_type":"article","og_title":"Pre\u00e7os & Marca\u00e7\u00f5es - Yohemi","og_description":"\u00a0Massagem Thai Yoga 1h \u2013 55\u20ac 1,5h \u2013 70\u20ac 2h \u2013 85\u20ac \u00a0Massagem do utero 1,5h \u2013 70\u20ac Marque uma massagem por favor selecione em baixo e preencha com os seus detalhes","og_url":"https:\/\/www.yohemi.com\/pt-pt\/precos-marcacoes\/","og_site_name":"Yohemi","article_modified_time":"2023-05-12T10:37:31+00:00","twitter_card":"summary_large_image","twitter_misc":{"Tempo estimado de leitura":"1 minuto"},"schema":{"@context":"https:\/\/schema.org","@graph":[{"@type":"WebPage","@id":"https:\/\/www.yohemi.com\/pt-pt\/precos-marcacoes\/","url":"https:\/\/www.yohemi.com\/pt-pt\/precos-marcacoes\/","name":"Pre\u00e7os & Marca\u00e7\u00f5es - Yohemi","isPartOf":{"@id":"https:\/\/www.yohemi.com\/pt-pt\/#website"},"datePublished":"2020-04-02T13:32:57+00:00","dateModified":"2023-05-12T10:37:31+00:00","breadcrumb":{"@id":"https:\/\/www.yohemi.com\/pt-pt\/precos-marcacoes\/#breadcrumb"},"inLanguage":"pt-PT","potentialAction":[{"@type":"ReadAction","target":["https:\/\/www.yohemi.com\/pt-pt\/precos-marcacoes\/"]}]},{"@type":"BreadcrumbList","@id":"https:\/\/www.yohemi.com\/pt-pt\/precos-marcacoes\/#breadcrumb","itemListElement":[{"@type":"ListItem","position":1,"name":"Home","item":"https:\/\/www.yohemi.com\/pt-pt\/"},{"@type":"ListItem","position":2,"name":"Pre\u00e7os &#038; Marca\u00e7\u00f5es"}]},{"@type":"WebSite","@id":"https:\/\/www.yohemi.com\/pt-pt\/#website","url":"https:\/\/www.yohemi.com\/pt-pt\/","name":"Yohemi","description":"","potentialAction":[{"@type":"SearchAction","target":{"@type":"EntryPoint","urlTemplate":"https:\/\/www.yohemi.com\/pt-pt\/?s={search_term_string}"},"query-input":{"@type":"PropertyValueSpecification","valueRequired":true,"valueName":"search_term_string"}}],"inLanguage":"pt-PT"}]}},"_links":{"self":[{"href":"https:\/\/www.yohemi.com\/pt-pt\/wp-json\/wp\/v2\/pages\/58","targetHints":{"allow":["GET"]}}],"collection":[{"href":"https:\/\/www.yohemi.com\/pt-pt\/wp-json\/wp\/v2\/pages"}],"about":[{"href":"https:\/\/www.yohemi.com\/pt-pt\/wp-json\/wp\/v2\/types\/page"}],"author":[{"embeddable":true,"href":"https:\/\/www.yohemi.com\/pt-pt\/wp-json\/wp\/v2\/users\/1"}],"replies":[{"embeddable":true,"href":"https:\/\/www.yohemi.com\/pt-pt\/wp-json\/wp\/v2\/comments?post=58"}],"version-history":[{"count":8,"href":"https:\/\/www.yohemi.com\/pt-pt\/wp-json\/wp\/v2\/pages\/58\/revisions"}],"predecessor-version":[{"id":5472,"href":"https:\/\/www.yohemi.com\/pt-pt\/wp-json\/wp\/v2\/pages\/58\/revisions\/5472"}],"wp:attachment":[{"href":"https:\/\/www.yohemi.com\/pt-pt\/wp-json\/wp\/v2\/media?parent=58"}],"curies":[{"name":"wp","href":"https:\/\/api.w.org\/{rel}","templated":true}]}}