{"id":63,"date":"2020-04-02T13:34:11","date_gmt":"2020-04-02T13:34:11","guid":{"rendered":"https:\/\/dev.yohemi.com\/?page_id=63"},"modified":"2020-04-02T13:34:11","modified_gmt":"2020-04-02T13:34:11","slug":"marcacoes","status":"publish","type":"page","link":"https:\/\/www.yohemi.com\/pt-pt\/marcacoes\/","title":{"rendered":"Marca\u00e7\u00f5es"},"content":{"rendered":"<h3><b>Marque uma aula de yoga<\/b><\/h3>\n<p><span style=\"font-weight: 400;\">Telem\u00f3vel\/Whatsapp: +351 965 461 472<\/span><\/p>\n<p><span style=\"font-weight: 400;\">Ou preencha o<\/span> <a class=\"button-small\" href=\"http:\/\/www.yohemi.com\/en\/contact-me\/\">contact form<\/a><\/p>\n<h3><b>Marque uma massagem <\/b><\/h3>\n<ul>\n<li style=\"font-weight: 400;\"><span style=\"font-weight: 400;\">por favor selecione em baixo e preencha com os seus detalhes<\/span><\/li>\n<\/ul>\n<iframe loading=\"lazy\" class=\"setmore-iframe\" src=\"https:\/\/my.setmore.com\/bookingpage\/4a18b225-9cec-4ee1-b2af-caf8d03b82e3?lang=english\" width=\"585\" height=\"680\" frameborder=\"0\"><\/iframe><style>@media only screen and (max-width: 585px) { iframe.setmore-iframe { width: 100%; } }<\/style>\n<p>&nbsp;<\/p>\n","protected":false},"excerpt":{"rendered":"<p>Marque uma aula de yoga Telem\u00f3vel\/Whatsapp: +351 965 461 472 Ou preencha o contact form Marque uma massagem por favor selecione em baixo e preencha com os seus detalhes &nbsp;<\/p>\n","protected":false},"author":1,"featured_media":0,"parent":0,"menu_order":0,"comment_status":"closed","ping_status":"closed","template":"","meta":{"footnotes":""},"class_list":["post-63","page","type-page","status-publish","hentry","description-off"],"yoast_head":"<!-- This site is optimized with the Yoast SEO plugin v24.9 - https:\/\/yoast.com\/wordpress\/plugins\/seo\/ -->\n<title>Marca\u00e7\u00f5es - Yohemi<\/title>\n<meta name=\"robots\" content=\"index, follow, max-snippet:-1, max-image-preview:large, max-video-preview:-1\" \/>\n<link rel=\"canonical\" href=\"https:\/\/www.yohemi.com\/pt-pt\/marcacoes\/\" \/>\n<meta property=\"og:locale\" content=\"pt_PT\" \/>\n<meta property=\"og:type\" content=\"article\" \/>\n<meta property=\"og:title\" content=\"Marca\u00e7\u00f5es - Yohemi\" \/>\n<meta property=\"og:description\" content=\"Marque uma aula de yoga Telem\u00f3vel\/Whatsapp: +351 965 461 472 Ou preencha o contact form Marque uma massagem por favor selecione em baixo e preencha com os seus detalhes &nbsp;\" \/>\n<meta property=\"og:url\" content=\"https:\/\/www.yohemi.com\/pt-pt\/marcacoes\/\" \/>\n<meta property=\"og:site_name\" content=\"Yohemi\" \/>\n<meta name=\"twitter:card\" content=\"summary_large_image\" \/>\n<script type=\"application\/ld+json\" class=\"yoast-schema-graph\">{\"@context\":\"https:\/\/schema.org\",\"@graph\":[{\"@type\":\"WebPage\",\"@id\":\"https:\/\/www.yohemi.com\/pt-pt\/marcacoes\/\",\"url\":\"https:\/\/www.yohemi.com\/pt-pt\/marcacoes\/\",\"name\":\"Marca\u00e7\u00f5es - Yohemi\",\"isPartOf\":{\"@id\":\"https:\/\/www.yohemi.com\/pt-pt\/#website\"},\"datePublished\":\"2020-04-02T13:34:11+00:00\",\"breadcrumb\":{\"@id\":\"https:\/\/www.yohemi.com\/pt-pt\/marcacoes\/#breadcrumb\"},\"inLanguage\":\"pt-PT\",\"potentialAction\":[{\"@type\":\"ReadAction\",\"target\":[\"https:\/\/www.yohemi.com\/pt-pt\/marcacoes\/\"]}]},{\"@type\":\"BreadcrumbList\",\"@id\":\"https:\/\/www.yohemi.com\/pt-pt\/marcacoes\/#breadcrumb\",\"itemListElement\":[{\"@type\":\"ListItem\",\"position\":1,\"name\":\"Home\",\"item\":\"https:\/\/www.yohemi.com\/pt-pt\/\"},{\"@type\":\"ListItem\",\"position\":2,\"name\":\"Marca\u00e7\u00f5es\"}]},{\"@type\":\"WebSite\",\"@id\":\"https:\/\/www.yohemi.com\/pt-pt\/#website\",\"url\":\"https:\/\/www.yohemi.com\/pt-pt\/\",\"name\":\"Yohemi\",\"description\":\"\",\"potentialAction\":[{\"@type\":\"SearchAction\",\"target\":{\"@type\":\"EntryPoint\",\"urlTemplate\":\"https:\/\/www.yohemi.com\/pt-pt\/?s={search_term_string}\"},\"query-input\":{\"@type\":\"PropertyValueSpecification\",\"valueRequired\":true,\"valueName\":\"search_term_string\"}}],\"inLanguage\":\"pt-PT\"}]}<\/script>\n<!-- \/ Yoast SEO plugin. -->","yoast_head_json":{"title":"Marca\u00e7\u00f5es - Yohemi","robots":{"index":"index","follow":"follow","max-snippet":"max-snippet:-1","max-image-preview":"max-image-preview:large","max-video-preview":"max-video-preview:-1"},"canonical":"https:\/\/www.yohemi.com\/pt-pt\/marcacoes\/","og_locale":"pt_PT","og_type":"article","og_title":"Marca\u00e7\u00f5es - Yohemi","og_description":"Marque uma aula de yoga Telem\u00f3vel\/Whatsapp: +351 965 461 472 Ou preencha o contact form Marque uma massagem por favor selecione em baixo e preencha com os seus detalhes &nbsp;","og_url":"https:\/\/www.yohemi.com\/pt-pt\/marcacoes\/","og_site_name":"Yohemi","twitter_card":"summary_large_image","schema":{"@context":"https:\/\/schema.org","@graph":[{"@type":"WebPage","@id":"https:\/\/www.yohemi.com\/pt-pt\/marcacoes\/","url":"https:\/\/www.yohemi.com\/pt-pt\/marcacoes\/","name":"Marca\u00e7\u00f5es - Yohemi","isPartOf":{"@id":"https:\/\/www.yohemi.com\/pt-pt\/#website"},"datePublished":"2020-04-02T13:34:11+00:00","breadcrumb":{"@id":"https:\/\/www.yohemi.com\/pt-pt\/marcacoes\/#breadcrumb"},"inLanguage":"pt-PT","potentialAction":[{"@type":"ReadAction","target":["https:\/\/www.yohemi.com\/pt-pt\/marcacoes\/"]}]},{"@type":"BreadcrumbList","@id":"https:\/\/www.yohemi.com\/pt-pt\/marcacoes\/#breadcrumb","itemListElement":[{"@type":"ListItem","position":1,"name":"Home","item":"https:\/\/www.yohemi.com\/pt-pt\/"},{"@type":"ListItem","position":2,"name":"Marca\u00e7\u00f5es"}]},{"@type":"WebSite","@id":"https:\/\/www.yohemi.com\/pt-pt\/#website","url":"https:\/\/www.yohemi.com\/pt-pt\/","name":"Yohemi","description":"","potentialAction":[{"@type":"SearchAction","target":{"@type":"EntryPoint","urlTemplate":"https:\/\/www.yohemi.com\/pt-pt\/?s={search_term_string}"},"query-input":{"@type":"PropertyValueSpecification","valueRequired":true,"valueName":"search_term_string"}}],"inLanguage":"pt-PT"}]}},"_links":{"self":[{"href":"https:\/\/www.yohemi.com\/pt-pt\/wp-json\/wp\/v2\/pages\/63","targetHints":{"allow":["GET"]}}],"collection":[{"href":"https:\/\/www.yohemi.com\/pt-pt\/wp-json\/wp\/v2\/pages"}],"about":[{"href":"https:\/\/www.yohemi.com\/pt-pt\/wp-json\/wp\/v2\/types\/page"}],"author":[{"embeddable":true,"href":"https:\/\/www.yohemi.com\/pt-pt\/wp-json\/wp\/v2\/users\/1"}],"replies":[{"embeddable":true,"href":"https:\/\/www.yohemi.com\/pt-pt\/wp-json\/wp\/v2\/comments?post=63"}],"version-history":[{"count":1,"href":"https:\/\/www.yohemi.com\/pt-pt\/wp-json\/wp\/v2\/pages\/63\/revisions"}],"predecessor-version":[{"id":64,"href":"https:\/\/www.yohemi.com\/pt-pt\/wp-json\/wp\/v2\/pages\/63\/revisions\/64"}],"wp:attachment":[{"href":"https:\/\/www.yohemi.com\/pt-pt\/wp-json\/wp\/v2\/media?parent=63"}],"curies":[{"name":"wp","href":"https:\/\/api.w.org\/{rel}","templated":true}]}}