{"id":67,"date":"2020-04-02T13:35:32","date_gmt":"2020-04-02T13:35:32","guid":{"rendered":"https:\/\/dev.yohemi.com\/?page_id=67"},"modified":"2021-01-17T15:02:33","modified_gmt":"2021-01-17T15:02:33","slug":"sobre-mim","status":"publish","type":"page","link":"https:\/\/www.yohemi.com\/pt-pt\/sobre-mim\/","title":{"rendered":"Sobre mim"},"content":{"rendered":"<p><img loading=\"lazy\" decoding=\"async\" class=\"aligncenter wp-image-1550 size-large\" src=\"https:\/\/www.yohemi.com\/wp-content\/uploads\/2021\/01\/Profile-small-1-1024x620.jpg\" alt=\"\" width=\"1024\" height=\"620\" srcset=\"https:\/\/www.yohemi.com\/wp-content\/uploads\/2021\/01\/Profile-small-1-1024x620.jpg 1024w, https:\/\/www.yohemi.com\/wp-content\/uploads\/2021\/01\/Profile-small-1-300x182.jpg 300w, https:\/\/www.yohemi.com\/wp-content\/uploads\/2021\/01\/Profile-small-1-768x465.jpg 768w, https:\/\/www.yohemi.com\/wp-content\/uploads\/2021\/01\/Profile-small-1-1536x929.jpg 1536w, https:\/\/www.yohemi.com\/wp-content\/uploads\/2021\/01\/Profile-small-1-2048x1239.jpg 2048w\" sizes=\"auto, (max-width: 1024px) 100vw, 1024px\" \/>Chamo-me Martina. Gosto de pensar em mim como uma exploradora, sempre curiosa e entusiasmada por mergulhar no desconhecido. A minha grande paix\u00e3o \u00e9 explorar pr\u00e1ticas e ferramentas que me ajudem a sentir-me em casa dentro de mim e conectar-me com a profunda sabedoria do meu corpo.<\/p>\n<p>Yoga, Terapias Corporais\u00a0 e o Trabalho com Mulheres relacionado ao Sagrado Feminino, \u00e1 Sabedoria do Utero e \u00e1 Sexualidade Feminina fazem parte da minha jornada de auto-descoberta, cura, crescimento e empoderamento. A minha paix\u00e3o pessoal transformou-se na minha profiss\u00e3o e sinto muita gratid\u00e3o por poder partilhar essas pr\u00e1ticas com o mundo.<\/p>\n<p>Comecei a ensinar Hatha Yoga em 2015 depois de completar o meu curso de professora de yoga de 200 horas com o meu professor Marco Peralta. Nessa \u00e9poca, o meu caminho tamb\u00e9m cruzou-se com a Katrin Heuser e descobri a arte da Massagem Thai Yoga. Apaixonei-me e decidi mergulhar nesta terapia corporal de cura. Conclui cursos de treinamento na Escola da Massagem Thai Yoga &#8211; Hadadi e tornei-me numa terapeuta em 2016. Desde ent\u00e3o, continuo aprofundando e desenvolvendo este trabalho, realizando treinamentos adicionais.<\/p>\n<p>O meu trabalho com as mulheres come\u00e7ou quando o meu \u00fatero e a minha sa\u00fade menstrual levaram-me a explorar Sabedoria do Ciclo Menstrual e Yoga do \u00datero e descobri ensinamentos poderosos de Uma Dinsmore Tuli. Depois de concluir o curso para professores com ela em 2017, comecei a partilhar esta abordagem de yoga feminina com outras mulheres para elas conectarem-se com o poder criativo e a sabedoria do seu \u00fatero e cora\u00e7\u00e3o. O meu desejo de aprender sobre sexualidade sagrada para mulheres levou-me aos ensinamentos de Tantra e Tao\u00edsmo. Descobri as pr\u00e1ticas de Yoni yoga e Ovo de Yoni que mudaram a forma como me relaciono com o meu corpo feminino e a minha sexualidade. Os meus estudos com Shashi Solluna e Minke de Vos continuam inspirar-me na minha jornada pessoal e professional e estou muito grata poder partilhar estes ensinamentos com outras mulheres como uma facilitadora das artes tao-tantricas.<\/p>\n<p><span style=\"font-weight: 400;\">\u00a0<\/span><\/p>\n","protected":false},"excerpt":{"rendered":"<p>Chamo-me Martina. Gosto de pensar em mim como uma exploradora, sempre curiosa e entusiasmada por mergulhar no desconhecido. A minha grande paix\u00e3o \u00e9 explorar pr\u00e1ticas e ferramentas que me ajudem a sentir-me em casa dentro de mim e conectar-me com a profunda sabedoria do meu corpo. Yoga, Terapias Corporais\u00a0 e o Trabalho com Mulheres relacionado&hellip;<\/p>\n","protected":false},"author":1,"featured_media":0,"parent":0,"menu_order":0,"comment_status":"closed","ping_status":"closed","template":"","meta":{"footnotes":""},"class_list":["post-67","page","type-page","status-publish","hentry","description-off"],"yoast_head":"<!-- This site is optimized with the Yoast SEO plugin v24.9 - https:\/\/yoast.com\/wordpress\/plugins\/seo\/ -->\n<title>Sobre mim - Yohemi<\/title>\n<meta name=\"robots\" content=\"index, follow, max-snippet:-1, max-image-preview:large, max-video-preview:-1\" \/>\n<link rel=\"canonical\" href=\"https:\/\/www.yohemi.com\/pt-pt\/sobre-mim\/\" \/>\n<meta property=\"og:locale\" content=\"pt_PT\" \/>\n<meta property=\"og:type\" content=\"article\" \/>\n<meta property=\"og:title\" content=\"Sobre mim - Yohemi\" \/>\n<meta property=\"og:description\" content=\"Chamo-me Martina. Gosto de pensar em mim como uma exploradora, sempre curiosa e entusiasmada por mergulhar no desconhecido. A minha grande paix\u00e3o \u00e9 explorar pr\u00e1ticas e ferramentas que me ajudem a sentir-me em casa dentro de mim e conectar-me com a profunda sabedoria do meu corpo. Yoga, Terapias Corporais\u00a0 e o Trabalho com Mulheres relacionado&hellip;\" \/>\n<meta property=\"og:url\" content=\"https:\/\/www.yohemi.com\/pt-pt\/sobre-mim\/\" \/>\n<meta property=\"og:site_name\" content=\"Yohemi\" \/>\n<meta property=\"article:modified_time\" content=\"2021-01-17T15:02:33+00:00\" \/>\n<meta property=\"og:image\" content=\"https:\/\/www.yohemi.com\/wp-content\/uploads\/2021\/01\/Profile-small-1-1024x620.jpg\" \/>\n<meta name=\"twitter:card\" content=\"summary_large_image\" \/>\n<meta name=\"twitter:label1\" content=\"Tempo estimado de leitura\" \/>\n\t<meta name=\"twitter:data1\" content=\"2 minutos\" \/>\n<script type=\"application\/ld+json\" class=\"yoast-schema-graph\">{\"@context\":\"https:\/\/schema.org\",\"@graph\":[{\"@type\":\"WebPage\",\"@id\":\"https:\/\/www.yohemi.com\/pt-pt\/sobre-mim\/\",\"url\":\"https:\/\/www.yohemi.com\/pt-pt\/sobre-mim\/\",\"name\":\"Sobre mim - Yohemi\",\"isPartOf\":{\"@id\":\"https:\/\/www.yohemi.com\/pt-pt\/#website\"},\"primaryImageOfPage\":{\"@id\":\"https:\/\/www.yohemi.com\/pt-pt\/sobre-mim\/#primaryimage\"},\"image\":{\"@id\":\"https:\/\/www.yohemi.com\/pt-pt\/sobre-mim\/#primaryimage\"},\"thumbnailUrl\":\"https:\/\/www.yohemi.com\/wp-content\/uploads\/2021\/01\/Profile-small-1-1024x620.jpg\",\"datePublished\":\"2020-04-02T13:35:32+00:00\",\"dateModified\":\"2021-01-17T15:02:33+00:00\",\"breadcrumb\":{\"@id\":\"https:\/\/www.yohemi.com\/pt-pt\/sobre-mim\/#breadcrumb\"},\"inLanguage\":\"pt-PT\",\"potentialAction\":[{\"@type\":\"ReadAction\",\"target\":[\"https:\/\/www.yohemi.com\/pt-pt\/sobre-mim\/\"]}]},{\"@type\":\"ImageObject\",\"inLanguage\":\"pt-PT\",\"@id\":\"https:\/\/www.yohemi.com\/pt-pt\/sobre-mim\/#primaryimage\",\"url\":\"https:\/\/www.yohemi.com\/wp-content\/uploads\/2021\/01\/Profile-small-1-1024x620.jpg\",\"contentUrl\":\"https:\/\/www.yohemi.com\/wp-content\/uploads\/2021\/01\/Profile-small-1-1024x620.jpg\"},{\"@type\":\"BreadcrumbList\",\"@id\":\"https:\/\/www.yohemi.com\/pt-pt\/sobre-mim\/#breadcrumb\",\"itemListElement\":[{\"@type\":\"ListItem\",\"position\":1,\"name\":\"Home\",\"item\":\"https:\/\/www.yohemi.com\/pt-pt\/\"},{\"@type\":\"ListItem\",\"position\":2,\"name\":\"Sobre mim\"}]},{\"@type\":\"WebSite\",\"@id\":\"https:\/\/www.yohemi.com\/pt-pt\/#website\",\"url\":\"https:\/\/www.yohemi.com\/pt-pt\/\",\"name\":\"Yohemi\",\"description\":\"\",\"potentialAction\":[{\"@type\":\"SearchAction\",\"target\":{\"@type\":\"EntryPoint\",\"urlTemplate\":\"https:\/\/www.yohemi.com\/pt-pt\/?s={search_term_string}\"},\"query-input\":{\"@type\":\"PropertyValueSpecification\",\"valueRequired\":true,\"valueName\":\"search_term_string\"}}],\"inLanguage\":\"pt-PT\"}]}<\/script>\n<!-- \/ Yoast SEO plugin. -->","yoast_head_json":{"title":"Sobre mim - Yohemi","robots":{"index":"index","follow":"follow","max-snippet":"max-snippet:-1","max-image-preview":"max-image-preview:large","max-video-preview":"max-video-preview:-1"},"canonical":"https:\/\/www.yohemi.com\/pt-pt\/sobre-mim\/","og_locale":"pt_PT","og_type":"article","og_title":"Sobre mim - Yohemi","og_description":"Chamo-me Martina. Gosto de pensar em mim como uma exploradora, sempre curiosa e entusiasmada por mergulhar no desconhecido. A minha grande paix\u00e3o \u00e9 explorar pr\u00e1ticas e ferramentas que me ajudem a sentir-me em casa dentro de mim e conectar-me com a profunda sabedoria do meu corpo. Yoga, Terapias Corporais\u00a0 e o Trabalho com Mulheres relacionado&hellip;","og_url":"https:\/\/www.yohemi.com\/pt-pt\/sobre-mim\/","og_site_name":"Yohemi","article_modified_time":"2021-01-17T15:02:33+00:00","og_image":[{"url":"https:\/\/www.yohemi.com\/wp-content\/uploads\/2021\/01\/Profile-small-1-1024x620.jpg","type":"","width":"","height":""}],"twitter_card":"summary_large_image","twitter_misc":{"Tempo estimado de leitura":"2 minutos"},"schema":{"@context":"https:\/\/schema.org","@graph":[{"@type":"WebPage","@id":"https:\/\/www.yohemi.com\/pt-pt\/sobre-mim\/","url":"https:\/\/www.yohemi.com\/pt-pt\/sobre-mim\/","name":"Sobre mim - Yohemi","isPartOf":{"@id":"https:\/\/www.yohemi.com\/pt-pt\/#website"},"primaryImageOfPage":{"@id":"https:\/\/www.yohemi.com\/pt-pt\/sobre-mim\/#primaryimage"},"image":{"@id":"https:\/\/www.yohemi.com\/pt-pt\/sobre-mim\/#primaryimage"},"thumbnailUrl":"https:\/\/www.yohemi.com\/wp-content\/uploads\/2021\/01\/Profile-small-1-1024x620.jpg","datePublished":"2020-04-02T13:35:32+00:00","dateModified":"2021-01-17T15:02:33+00:00","breadcrumb":{"@id":"https:\/\/www.yohemi.com\/pt-pt\/sobre-mim\/#breadcrumb"},"inLanguage":"pt-PT","potentialAction":[{"@type":"ReadAction","target":["https:\/\/www.yohemi.com\/pt-pt\/sobre-mim\/"]}]},{"@type":"ImageObject","inLanguage":"pt-PT","@id":"https:\/\/www.yohemi.com\/pt-pt\/sobre-mim\/#primaryimage","url":"https:\/\/www.yohemi.com\/wp-content\/uploads\/2021\/01\/Profile-small-1-1024x620.jpg","contentUrl":"https:\/\/www.yohemi.com\/wp-content\/uploads\/2021\/01\/Profile-small-1-1024x620.jpg"},{"@type":"BreadcrumbList","@id":"https:\/\/www.yohemi.com\/pt-pt\/sobre-mim\/#breadcrumb","itemListElement":[{"@type":"ListItem","position":1,"name":"Home","item":"https:\/\/www.yohemi.com\/pt-pt\/"},{"@type":"ListItem","position":2,"name":"Sobre mim"}]},{"@type":"WebSite","@id":"https:\/\/www.yohemi.com\/pt-pt\/#website","url":"https:\/\/www.yohemi.com\/pt-pt\/","name":"Yohemi","description":"","potentialAction":[{"@type":"SearchAction","target":{"@type":"EntryPoint","urlTemplate":"https:\/\/www.yohemi.com\/pt-pt\/?s={search_term_string}"},"query-input":{"@type":"PropertyValueSpecification","valueRequired":true,"valueName":"search_term_string"}}],"inLanguage":"pt-PT"}]}},"_links":{"self":[{"href":"https:\/\/www.yohemi.com\/pt-pt\/wp-json\/wp\/v2\/pages\/67","targetHints":{"allow":["GET"]}}],"collection":[{"href":"https:\/\/www.yohemi.com\/pt-pt\/wp-json\/wp\/v2\/pages"}],"about":[{"href":"https:\/\/www.yohemi.com\/pt-pt\/wp-json\/wp\/v2\/types\/page"}],"author":[{"embeddable":true,"href":"https:\/\/www.yohemi.com\/pt-pt\/wp-json\/wp\/v2\/users\/1"}],"replies":[{"embeddable":true,"href":"https:\/\/www.yohemi.com\/pt-pt\/wp-json\/wp\/v2\/comments?post=67"}],"version-history":[{"count":12,"href":"https:\/\/www.yohemi.com\/pt-pt\/wp-json\/wp\/v2\/pages\/67\/revisions"}],"predecessor-version":[{"id":1552,"href":"https:\/\/www.yohemi.com\/pt-pt\/wp-json\/wp\/v2\/pages\/67\/revisions\/1552"}],"wp:attachment":[{"href":"https:\/\/www.yohemi.com\/pt-pt\/wp-json\/wp\/v2\/media?parent=67"}],"curies":[{"name":"wp","href":"https:\/\/api.w.org\/{rel}","templated":true}]}}