{"id":837,"date":"2020-05-11T13:28:47","date_gmt":"2020-05-11T13:28:47","guid":{"rendered":"https:\/\/www.yohemi.com\/?page_id=837"},"modified":"2021-01-20T16:58:50","modified_gmt":"2021-01-20T16:58:50","slug":"aulas-online","status":"publish","type":"page","link":"https:\/\/www.yohemi.com\/pt-pt\/aulas-online\/","title":{"rendered":"Aulas de Yoga Online via Zoom"},"content":{"rendered":"\n<figure class=\"wp-block-image size-large\"><img loading=\"lazy\" decoding=\"async\" width=\"820\" height=\"312\" src=\"https:\/\/www.yohemi.com\/wp-content\/uploads\/2020\/04\/Private-classes-Cover.jpg\" alt=\"\" class=\"wp-image-553\" srcset=\"https:\/\/www.yohemi.com\/wp-content\/uploads\/2020\/04\/Private-classes-Cover.jpg 820w, https:\/\/www.yohemi.com\/wp-content\/uploads\/2020\/04\/Private-classes-Cover-300x114.jpg 300w, https:\/\/www.yohemi.com\/wp-content\/uploads\/2020\/04\/Private-classes-Cover-768x292.jpg 768w\" sizes=\"auto, (max-width: 820px) 100vw, 820px\" \/><\/figure>\n\n\n\n<h2 class=\"wp-block-heading\">Pr\u00e1ticas di\u00e1rias online para o teu Bem-Estar<\/h2>\n\n\n\n<h4 class=\"wp-block-heading\">Todos os dias \u00e0s 17.30 \u2013 18.00 via Zoom<\/h4>\n\n\n\n<p>Estas pr\u00e1ticas de 30 minutos s\u00e3o dedicadas a ti e ao teu bem-estar. Ficar em casa e uma grande oportunidade para cultivar uma conex\u00e3o mais profunda contigo e conhecer-te num n\u00edvel profundo e \u00edntimo. A minha inten\u00e7\u00e3o \u00e9 oferecer pr\u00e1ticas que te ajudem sintonizar-te contigo e conectar-te a aspectos diferentes do teu ser a fim de desenvolver uma conex\u00e3o saud\u00e1vel e \u00edntima contigo mesma. Vou oferecer Yoga, Yoga do \u00fatero, Relaxamento guiado e Pr\u00e1ticas de Tantra e Taoismo para mulheres. Doa\u00e7\u00f5es&nbsp;bem-vindas.&nbsp;<\/p>\n\n\n\n<p><a href=\"https:\/\/www.yohemi.com\/en\/live-practices-for-your-well-being\/\">Descubra mais<\/a><\/p>\n\n\n\n<h2 class=\"wp-block-heading\">Yoga Suave e Yoga Nidra<\/h2>\n\n\n\n<h4 class=\"wp-block-heading\">\u00e0s quartas \u00e0s 18.30 -19.30 via Zoom<\/h4>\n\n\n\n<p>Durante o confinamento vou oferecer aulas de yoga live via Zoom realizadas por Little Yoga Space. Estas aulas v\u00e3o ser focadas em trazer uma sensa\u00e7\u00e3o de tranquilidade e relaxamento ao seu corpo e ao seu sistema nervoso. Move com gentileza, respira profundamente e relaxa completamente. Em seguida de uma sequencia de yoga suave mergulhar\u00e1 numa pr\u00e1tica de Yoga Nidra \u2013 o relxamento guiado. Vai simplesmente deitar-se e ser guiado para entrar num relaxamento profundo onde o seu corpo e a sua mente podem regenerar e curar. Esta pr\u00e1tica \u00e9 um am\u00e1vel acolher de si pr\u00f3prio para sentir-se em casa, encorajando-o ao repouso, relaxamento e reconex\u00e3o com a verdade do seu cora\u00e7\u00e3o.<\/p>\n\n\n\n<p>Para inscric\u00f5es consulte o site do Little yoga space <a href=\"https:\/\/www.supersaas.dk\/schedule\/littleyogaspace\/Online_Classes\">aqui<\/a><\/p>\n\n\n\n<p>Aula avulso: 10\u20ac&nbsp;<br>Passe de 6 aulas: 40\u20ac (v\u00e1lido por 30 dias)<br>Passe de 10 aulas: 70\u20ac (v\u00e1lido por 60 dias)<\/p>\n\n\n\n<p>Passes v\u00e1lidos pelas todas as aulas oferecidas por Little Yoga Space<\/p>\n","protected":false},"excerpt":{"rendered":"<p>Pr\u00e1ticas di\u00e1rias online para o teu Bem-Estar Todos os dias \u00e0s 17.30 \u2013 18.00 via Zoom Estas pr\u00e1ticas de 30 minutos s\u00e3o dedicadas a ti e ao teu bem-estar. Ficar em casa e uma grande oportunidade para cultivar uma conex\u00e3o mais profunda contigo e conhecer-te num n\u00edvel profundo e \u00edntimo. A minha inten\u00e7\u00e3o \u00e9 oferecer&hellip;<\/p>\n","protected":false},"author":1,"featured_media":0,"parent":0,"menu_order":0,"comment_status":"closed","ping_status":"closed","template":"","meta":{"footnotes":""},"class_list":["post-837","page","type-page","status-publish","hentry","description-off"],"yoast_head":"<!-- This site is optimized with the Yoast SEO plugin v24.9 - https:\/\/yoast.com\/wordpress\/plugins\/seo\/ -->\n<title>Aulas de Yoga Online via Zoom - Yohemi<\/title>\n<meta name=\"robots\" content=\"index, follow, max-snippet:-1, max-image-preview:large, max-video-preview:-1\" \/>\n<link rel=\"canonical\" href=\"https:\/\/www.yohemi.com\/pt-pt\/aulas-online\/\" \/>\n<meta property=\"og:locale\" content=\"pt_PT\" \/>\n<meta property=\"og:type\" content=\"article\" \/>\n<meta property=\"og:title\" content=\"Aulas de Yoga Online via Zoom - Yohemi\" \/>\n<meta property=\"og:description\" content=\"Pr\u00e1ticas di\u00e1rias online para o teu Bem-Estar Todos os dias \u00e0s 17.30 \u2013 18.00 via Zoom Estas pr\u00e1ticas de 30 minutos s\u00e3o dedicadas a ti e ao teu bem-estar. Ficar em casa e uma grande oportunidade para cultivar uma conex\u00e3o mais profunda contigo e conhecer-te num n\u00edvel profundo e \u00edntimo. A minha inten\u00e7\u00e3o \u00e9 oferecer&hellip;\" \/>\n<meta property=\"og:url\" content=\"https:\/\/www.yohemi.com\/pt-pt\/aulas-online\/\" \/>\n<meta property=\"og:site_name\" content=\"Yohemi\" \/>\n<meta property=\"article:modified_time\" content=\"2021-01-20T16:58:50+00:00\" \/>\n<meta property=\"og:image\" content=\"https:\/\/www.yohemi.com\/wp-content\/uploads\/2020\/04\/Private-classes-Cover.jpg\" \/>\n<meta name=\"twitter:card\" content=\"summary_large_image\" \/>\n<meta name=\"twitter:label1\" content=\"Tempo estimado de leitura\" \/>\n\t<meta name=\"twitter:data1\" content=\"2 minutos\" \/>\n<script type=\"application\/ld+json\" class=\"yoast-schema-graph\">{\"@context\":\"https:\/\/schema.org\",\"@graph\":[{\"@type\":\"WebPage\",\"@id\":\"https:\/\/www.yohemi.com\/pt-pt\/aulas-online\/\",\"url\":\"https:\/\/www.yohemi.com\/pt-pt\/aulas-online\/\",\"name\":\"Aulas de Yoga Online via Zoom - Yohemi\",\"isPartOf\":{\"@id\":\"https:\/\/www.yohemi.com\/pt-pt\/#website\"},\"primaryImageOfPage\":{\"@id\":\"https:\/\/www.yohemi.com\/pt-pt\/aulas-online\/#primaryimage\"},\"image\":{\"@id\":\"https:\/\/www.yohemi.com\/pt-pt\/aulas-online\/#primaryimage\"},\"thumbnailUrl\":\"https:\/\/www.yohemi.com\/wp-content\/uploads\/2020\/04\/Private-classes-Cover.jpg\",\"datePublished\":\"2020-05-11T13:28:47+00:00\",\"dateModified\":\"2021-01-20T16:58:50+00:00\",\"breadcrumb\":{\"@id\":\"https:\/\/www.yohemi.com\/pt-pt\/aulas-online\/#breadcrumb\"},\"inLanguage\":\"pt-PT\",\"potentialAction\":[{\"@type\":\"ReadAction\",\"target\":[\"https:\/\/www.yohemi.com\/pt-pt\/aulas-online\/\"]}]},{\"@type\":\"ImageObject\",\"inLanguage\":\"pt-PT\",\"@id\":\"https:\/\/www.yohemi.com\/pt-pt\/aulas-online\/#primaryimage\",\"url\":\"https:\/\/www.yohemi.com\/wp-content\/uploads\/2020\/04\/Private-classes-Cover.jpg\",\"contentUrl\":\"https:\/\/www.yohemi.com\/wp-content\/uploads\/2020\/04\/Private-classes-Cover.jpg\"},{\"@type\":\"BreadcrumbList\",\"@id\":\"https:\/\/www.yohemi.com\/pt-pt\/aulas-online\/#breadcrumb\",\"itemListElement\":[{\"@type\":\"ListItem\",\"position\":1,\"name\":\"Home\",\"item\":\"https:\/\/www.yohemi.com\/pt-pt\/\"},{\"@type\":\"ListItem\",\"position\":2,\"name\":\"Aulas de Yoga Online via Zoom\"}]},{\"@type\":\"WebSite\",\"@id\":\"https:\/\/www.yohemi.com\/pt-pt\/#website\",\"url\":\"https:\/\/www.yohemi.com\/pt-pt\/\",\"name\":\"Yohemi\",\"description\":\"\",\"potentialAction\":[{\"@type\":\"SearchAction\",\"target\":{\"@type\":\"EntryPoint\",\"urlTemplate\":\"https:\/\/www.yohemi.com\/pt-pt\/?s={search_term_string}\"},\"query-input\":{\"@type\":\"PropertyValueSpecification\",\"valueRequired\":true,\"valueName\":\"search_term_string\"}}],\"inLanguage\":\"pt-PT\"}]}<\/script>\n<!-- \/ Yoast SEO plugin. -->","yoast_head_json":{"title":"Aulas de Yoga Online via Zoom - Yohemi","robots":{"index":"index","follow":"follow","max-snippet":"max-snippet:-1","max-image-preview":"max-image-preview:large","max-video-preview":"max-video-preview:-1"},"canonical":"https:\/\/www.yohemi.com\/pt-pt\/aulas-online\/","og_locale":"pt_PT","og_type":"article","og_title":"Aulas de Yoga Online via Zoom - Yohemi","og_description":"Pr\u00e1ticas di\u00e1rias online para o teu Bem-Estar Todos os dias \u00e0s 17.30 \u2013 18.00 via Zoom Estas pr\u00e1ticas de 30 minutos s\u00e3o dedicadas a ti e ao teu bem-estar. Ficar em casa e uma grande oportunidade para cultivar uma conex\u00e3o mais profunda contigo e conhecer-te num n\u00edvel profundo e \u00edntimo. A minha inten\u00e7\u00e3o \u00e9 oferecer&hellip;","og_url":"https:\/\/www.yohemi.com\/pt-pt\/aulas-online\/","og_site_name":"Yohemi","article_modified_time":"2021-01-20T16:58:50+00:00","og_image":[{"url":"https:\/\/www.yohemi.com\/wp-content\/uploads\/2020\/04\/Private-classes-Cover.jpg","type":"","width":"","height":""}],"twitter_card":"summary_large_image","twitter_misc":{"Tempo estimado de leitura":"2 minutos"},"schema":{"@context":"https:\/\/schema.org","@graph":[{"@type":"WebPage","@id":"https:\/\/www.yohemi.com\/pt-pt\/aulas-online\/","url":"https:\/\/www.yohemi.com\/pt-pt\/aulas-online\/","name":"Aulas de Yoga Online via Zoom - Yohemi","isPartOf":{"@id":"https:\/\/www.yohemi.com\/pt-pt\/#website"},"primaryImageOfPage":{"@id":"https:\/\/www.yohemi.com\/pt-pt\/aulas-online\/#primaryimage"},"image":{"@id":"https:\/\/www.yohemi.com\/pt-pt\/aulas-online\/#primaryimage"},"thumbnailUrl":"https:\/\/www.yohemi.com\/wp-content\/uploads\/2020\/04\/Private-classes-Cover.jpg","datePublished":"2020-05-11T13:28:47+00:00","dateModified":"2021-01-20T16:58:50+00:00","breadcrumb":{"@id":"https:\/\/www.yohemi.com\/pt-pt\/aulas-online\/#breadcrumb"},"inLanguage":"pt-PT","potentialAction":[{"@type":"ReadAction","target":["https:\/\/www.yohemi.com\/pt-pt\/aulas-online\/"]}]},{"@type":"ImageObject","inLanguage":"pt-PT","@id":"https:\/\/www.yohemi.com\/pt-pt\/aulas-online\/#primaryimage","url":"https:\/\/www.yohemi.com\/wp-content\/uploads\/2020\/04\/Private-classes-Cover.jpg","contentUrl":"https:\/\/www.yohemi.com\/wp-content\/uploads\/2020\/04\/Private-classes-Cover.jpg"},{"@type":"BreadcrumbList","@id":"https:\/\/www.yohemi.com\/pt-pt\/aulas-online\/#breadcrumb","itemListElement":[{"@type":"ListItem","position":1,"name":"Home","item":"https:\/\/www.yohemi.com\/pt-pt\/"},{"@type":"ListItem","position":2,"name":"Aulas de Yoga Online via Zoom"}]},{"@type":"WebSite","@id":"https:\/\/www.yohemi.com\/pt-pt\/#website","url":"https:\/\/www.yohemi.com\/pt-pt\/","name":"Yohemi","description":"","potentialAction":[{"@type":"SearchAction","target":{"@type":"EntryPoint","urlTemplate":"https:\/\/www.yohemi.com\/pt-pt\/?s={search_term_string}"},"query-input":{"@type":"PropertyValueSpecification","valueRequired":true,"valueName":"search_term_string"}}],"inLanguage":"pt-PT"}]}},"_links":{"self":[{"href":"https:\/\/www.yohemi.com\/pt-pt\/wp-json\/wp\/v2\/pages\/837","targetHints":{"allow":["GET"]}}],"collection":[{"href":"https:\/\/www.yohemi.com\/pt-pt\/wp-json\/wp\/v2\/pages"}],"about":[{"href":"https:\/\/www.yohemi.com\/pt-pt\/wp-json\/wp\/v2\/types\/page"}],"author":[{"embeddable":true,"href":"https:\/\/www.yohemi.com\/pt-pt\/wp-json\/wp\/v2\/users\/1"}],"replies":[{"embeddable":true,"href":"https:\/\/www.yohemi.com\/pt-pt\/wp-json\/wp\/v2\/comments?post=837"}],"version-history":[{"count":4,"href":"https:\/\/www.yohemi.com\/pt-pt\/wp-json\/wp\/v2\/pages\/837\/revisions"}],"predecessor-version":[{"id":1584,"href":"https:\/\/www.yohemi.com\/pt-pt\/wp-json\/wp\/v2\/pages\/837\/revisions\/1584"}],"wp:attachment":[{"href":"https:\/\/www.yohemi.com\/pt-pt\/wp-json\/wp\/v2\/media?parent=837"}],"curies":[{"name":"wp","href":"https:\/\/api.w.org\/{rel}","templated":true}]}}