{"id":912,"date":"2020-05-12T18:53:39","date_gmt":"2020-05-12T18:53:39","guid":{"rendered":"https:\/\/www.yohemi.com\/?page_id=912"},"modified":"2024-01-10T16:36:09","modified_gmt":"2024-01-10T16:36:09","slug":"massagem-terapeutica-de-fertilidade","status":"publish","type":"page","link":"https:\/\/www.yohemi.com\/pt-pt\/massagem-terapeutica-de-fertilidade\/","title":{"rendered":"Massagem Terap\u00eautica de Fertilidade"},"content":{"rendered":"\n<figure class=\"wp-block-image size-large\"><img loading=\"lazy\" decoding=\"async\" width=\"1024\" height=\"768\" src=\"https:\/\/www.yohemi.com\/wp-content\/uploads\/2020\/05\/IMG_20191213_111956a-1024x768.jpg\" alt=\"\" class=\"wp-image-913\" srcset=\"https:\/\/www.yohemi.com\/wp-content\/uploads\/2020\/05\/IMG_20191213_111956a-1024x768.jpg 1024w, https:\/\/www.yohemi.com\/wp-content\/uploads\/2020\/05\/IMG_20191213_111956a-300x225.jpg 300w, https:\/\/www.yohemi.com\/wp-content\/uploads\/2020\/05\/IMG_20191213_111956a-768x576.jpg 768w, https:\/\/www.yohemi.com\/wp-content\/uploads\/2020\/05\/IMG_20191213_111956a-1536x1152.jpg 1536w, https:\/\/www.yohemi.com\/wp-content\/uploads\/2020\/05\/IMG_20191213_111956a-2048x1536.jpg 2048w\" sizes=\"auto, (max-width: 1024px) 100vw, 1024px\" \/><\/figure>\n\n\n\n<h2 class=\"wp-block-heading\">O que \u00e9 a Massagem Terap\u00eautica&nbsp;de Fertilidade?<\/h2>\n\n\n\n<p>O objetivo da massagem de fertilidade e apoiar, nutrir e acolher mulheres que experimentam problemas relacionadas a sua sa\u00fade&nbsp;menstrual e tem dificuldades na sua jornada de fertilidade. E uma jornada de cura do \u00fatero&nbsp;que desperta e reconecta&nbsp;as mulheres com o seu corpo, especialmente o seu \u00fatero&nbsp;e cora\u00e7\u00e3o para elas sentirem-se profundamente relaxadas, apoiadas e nutridas.&nbsp;<\/p>\n\n\n\n<p>Massagem terap\u00eautica&nbsp;da Fertilidade e uma linda combina\u00e7\u00e3o&nbsp; de v\u00e1rias&nbsp;modalidades que trabalham o abd\u00f4men, a zona lombar e gl\u00fateos&nbsp;de uma forma profunda mas suave. Inclui uma massagem de abd\u00f4men e sacro, pulsa\u00e7\u00e3o, acupress\u00e3o, terapia&nbsp;de pontos de gatilho, pacotes de \u00f3leo de mamona, t\u00e9cnica de Rebozo e visualiza\u00e7\u00f5es&nbsp;guiadas. O nosso foco \u00e9 melhorar a circula\u00e7\u00e3o&nbsp;para os \u00f3rg\u00e3os&nbsp;abdominais com o objetivo de melhorar o fluxo sangu\u00edneo, nervoso e linf\u00e1tico e libertar tens\u00f5es f\u00edsicas e emocionais. Criamos um fluxo mais natural e trazemos equil\u00edbrio&nbsp;para o \u00e1rea reprodutivo, digestivo e sacral. Energeticamente, trabalhamos&nbsp;nos chakras inferiores, a linha de m\u00e3e, a rela\u00e7\u00e3o de mulher com a sua feminidade e a energia feminina. Este trabalho foi desenvolvido por Clare Spink ao longo de muitos anos como praticante de apoio a sa\u00fade&nbsp;e bem-estar do \u00fatero.&nbsp;<\/p>\n\n\n\n<h2 class=\"wp-block-heading\">Para quem se dirige?&nbsp;<\/h2>\n\n\n\n<p>&#8211; Mulheres na sua jornada de fertilidade &#8211; se deseja conceber naturalmente ou planea um ciclo assistido (IUI, fertiliza\u00e7\u00e3o&nbsp;in vitro, ICSI, clomid)<\/p>\n\n\n\n<p>&#8211; Mulheres que sofrem per\u00edodos&nbsp;dolorosos, pesados ou irregulares, SOP, PCOS &#8211; S\u00edndrome do Ov\u00e1rio&nbsp;Polic\u00edstico, endometriose, miomas, cistos, p\u00f3lipos, ma qualidade dos \u00f3vulos, aborto espont\u00e2neo, perda de bebe, aborto<\/p>\n\n\n\n<h2 class=\"wp-block-heading\">Benef\u00edcios&nbsp;f\u00edsicos<\/h2>\n\n\n\n<div class=\"wp-block-group\"><div class=\"wp-block-group__inner-container is-layout-flow wp-block-group-is-layout-flow\">\n<p>&#8211; um ciclo mais regulado, menos dor, melhor fluxo, menos coagula\u00e7\u00e3o&nbsp;<\/p>\n\n\n\n<p>&#8211; uma melhor circula\u00e7\u00e3o&nbsp;na zona p\u00e9lvica, que melhora a sa\u00fade dos ovos<\/p>\n\n\n\n<p>&#8211; tecidos cicatrizes quebrados e problemas congestivos re-equilibrados<\/p>\n\n\n\n<p>&#8211; melhora digest\u00e3o&nbsp;o que tamb\u00e9m&nbsp;melhora a resposta do sistema imunit\u00e1rio, pois a maioria das c\u00e9lulas&nbsp;imunit\u00e1rias&nbsp;est\u00e3o no trato digestivo<\/p>\n\n\n\n<p>&#8211; melhora elimina\u00e7\u00e3o&nbsp;e detoxifica\u00e7\u00e3o&nbsp;e portanto, o f\u00edgado&nbsp;e suportado (o \u00f3rg\u00e3o&nbsp;que elimina o excesso de estrog\u00eanio&nbsp;no organismo)<\/p>\n\n\n\n<h2 class=\"wp-block-heading\">Benef\u00edcios&nbsp;emocionais e mentais<\/h2>\n\n\n\n<p>&#8211; reduz os n\u00edveis&nbsp;de estresse&nbsp;e ajuda ao relaxamento<\/p>\n\n\n\n<p>&#8211; libera emo\u00e7\u00f5es&nbsp;presas- faz a mulher sentir nutrida e apoiada<\/p>\n\n\n\n<p>&#8211; estar embalada nos tecidos de rebozo d\u00e1 uma sensa\u00e7\u00e3o de voltar para casa dentro do pr\u00f3prio&nbsp;corpo, promove uma sensa\u00e7\u00e3o&nbsp;de sentir segura no corpo<\/p>\n\n\n\n<h2 class=\"wp-block-heading\">Pre\u00e7os<\/h2>\n\n\n\n<p>1,5h massagem &#8211; 80\u20ac<\/p>\n\n\n\n<p>Pack de 3 massagens &#8211; 220\u20ac<\/p>\n\n\n\n<figure class=\"wp-block-gallery has-nested-images columns-default is-cropped wp-block-gallery-1 is-layout-flex wp-block-gallery-is-layout-flex\">\n<figure class=\"wp-block-image size-large\"><img loading=\"lazy\" decoding=\"async\" width=\"1024\" height=\"768\" data-id=\"578\" src=\"https:\/\/www.yohemi.com\/wp-content\/uploads\/2020\/04\/IMG_20191213_111604a-1024x768.jpg\" alt=\"\" class=\"wp-image-578\" srcset=\"https:\/\/www.yohemi.com\/wp-content\/uploads\/2020\/04\/IMG_20191213_111604a-1024x768.jpg 1024w, https:\/\/www.yohemi.com\/wp-content\/uploads\/2020\/04\/IMG_20191213_111604a-300x225.jpg 300w, https:\/\/www.yohemi.com\/wp-content\/uploads\/2020\/04\/IMG_20191213_111604a-768x576.jpg 768w, https:\/\/www.yohemi.com\/wp-content\/uploads\/2020\/04\/IMG_20191213_111604a-1536x1152.jpg 1536w, https:\/\/www.yohemi.com\/wp-content\/uploads\/2020\/04\/IMG_20191213_111604a-2048x1536.jpg 2048w\" sizes=\"auto, (max-width: 1024px) 100vw, 1024px\" \/><\/figure>\n\n\n\n<figure class=\"wp-block-image size-large\"><img loading=\"lazy\" decoding=\"async\" width=\"1024\" height=\"571\" data-id=\"593\" src=\"https:\/\/www.yohemi.com\/wp-content\/uploads\/2020\/04\/IMG_20191213_112626a-1024x571.jpg\" alt=\"\" class=\"wp-image-593\" srcset=\"https:\/\/www.yohemi.com\/wp-content\/uploads\/2020\/04\/IMG_20191213_112626a-1024x571.jpg 1024w, https:\/\/www.yohemi.com\/wp-content\/uploads\/2020\/04\/IMG_20191213_112626a-300x167.jpg 300w, https:\/\/www.yohemi.com\/wp-content\/uploads\/2020\/04\/IMG_20191213_112626a-768x428.jpg 768w, https:\/\/www.yohemi.com\/wp-content\/uploads\/2020\/04\/IMG_20191213_112626a-1536x856.jpg 1536w, https:\/\/www.yohemi.com\/wp-content\/uploads\/2020\/04\/IMG_20191213_112626a-2048x1142.jpg 2048w\" sizes=\"auto, (max-width: 1024px) 100vw, 1024px\" \/><\/figure>\n\n\n\n<figure class=\"wp-block-image size-large\"><img loading=\"lazy\" decoding=\"async\" width=\"1024\" height=\"768\" data-id=\"599\" src=\"https:\/\/www.yohemi.com\/wp-content\/uploads\/2020\/04\/IMG_20191213_112228a-1024x768.jpg\" alt=\"\" class=\"wp-image-599\" srcset=\"https:\/\/www.yohemi.com\/wp-content\/uploads\/2020\/04\/IMG_20191213_112228a-1024x768.jpg 1024w, https:\/\/www.yohemi.com\/wp-content\/uploads\/2020\/04\/IMG_20191213_112228a-300x225.jpg 300w, https:\/\/www.yohemi.com\/wp-content\/uploads\/2020\/04\/IMG_20191213_112228a-768x576.jpg 768w, https:\/\/www.yohemi.com\/wp-content\/uploads\/2020\/04\/IMG_20191213_112228a-1536x1152.jpg 1536w, https:\/\/www.yohemi.com\/wp-content\/uploads\/2020\/04\/IMG_20191213_112228a-2048x1536.jpg 2048w\" sizes=\"auto, (max-width: 1024px) 100vw, 1024px\" \/><\/figure>\n<\/figure>\n<\/div><\/div>\n\n\n\n<p>A Massagem Terap\u00eautica&nbsp;de Fertilidade e uma terapia complementaria que apoia mulheres em todas as fases da sua vida reprodutiva. N\u00e3o&nbsp;pretende curar ou diagnosticar nenhuma condi\u00e7\u00e3o&nbsp;m\u00e9dica, nem substituir qualquer&nbsp;assist\u00eancia&nbsp;m\u00e9dica. Se tiver alguma d\u00favida&nbsp;m\u00e9dica, consulte o seu m\u00e9dico&nbsp;ou profissional de sa\u00fade.&nbsp;<\/p>\n","protected":false},"excerpt":{"rendered":"<p>O que \u00e9 a Massagem Terap\u00eautica&nbsp;de Fertilidade? O objetivo da massagem de fertilidade e apoiar, nutrir e acolher mulheres que experimentam problemas relacionadas a sua sa\u00fade&nbsp;menstrual e tem dificuldades na sua jornada de fertilidade. E uma jornada de cura do \u00fatero&nbsp;que desperta e reconecta&nbsp;as mulheres com o seu corpo, especialmente o seu \u00fatero&nbsp;e cora\u00e7\u00e3o para&hellip;<\/p>\n","protected":false},"author":1,"featured_media":0,"parent":0,"menu_order":0,"comment_status":"closed","ping_status":"closed","template":"","meta":{"footnotes":""},"class_list":["post-912","page","type-page","status-publish","hentry","description-off"],"yoast_head":"<!-- This site is optimized with the Yoast SEO plugin v24.9 - https:\/\/yoast.com\/wordpress\/plugins\/seo\/ -->\n<title>Massagem Terap\u00eautica de Fertilidade - Yohemi<\/title>\n<meta name=\"robots\" content=\"index, follow, max-snippet:-1, max-image-preview:large, max-video-preview:-1\" \/>\n<link rel=\"canonical\" href=\"https:\/\/www.yohemi.com\/pt-pt\/massagem-terapeutica-de-fertilidade\/\" \/>\n<meta property=\"og:locale\" content=\"pt_PT\" \/>\n<meta property=\"og:type\" content=\"article\" \/>\n<meta property=\"og:title\" content=\"Massagem Terap\u00eautica de Fertilidade - Yohemi\" \/>\n<meta property=\"og:description\" content=\"O que \u00e9 a Massagem Terap\u00eautica&nbsp;de Fertilidade? O objetivo da massagem de fertilidade e apoiar, nutrir e acolher mulheres que experimentam problemas relacionadas a sua sa\u00fade&nbsp;menstrual e tem dificuldades na sua jornada de fertilidade. E uma jornada de cura do \u00fatero&nbsp;que desperta e reconecta&nbsp;as mulheres com o seu corpo, especialmente o seu \u00fatero&nbsp;e cora\u00e7\u00e3o para&hellip;\" \/>\n<meta property=\"og:url\" content=\"https:\/\/www.yohemi.com\/pt-pt\/massagem-terapeutica-de-fertilidade\/\" \/>\n<meta property=\"og:site_name\" content=\"Yohemi\" \/>\n<meta property=\"article:modified_time\" content=\"2024-01-10T16:36:09+00:00\" \/>\n<meta property=\"og:image\" content=\"https:\/\/www.yohemi.com\/wp-content\/uploads\/2020\/05\/IMG_20191213_111956a-1024x768.jpg\" \/>\n<meta name=\"twitter:card\" content=\"summary_large_image\" \/>\n<meta name=\"twitter:label1\" content=\"Tempo estimado de leitura\" \/>\n\t<meta name=\"twitter:data1\" content=\"3 minutos\" \/>\n<script type=\"application\/ld+json\" class=\"yoast-schema-graph\">{\"@context\":\"https:\/\/schema.org\",\"@graph\":[{\"@type\":\"WebPage\",\"@id\":\"https:\/\/www.yohemi.com\/pt-pt\/massagem-terapeutica-de-fertilidade\/\",\"url\":\"https:\/\/www.yohemi.com\/pt-pt\/massagem-terapeutica-de-fertilidade\/\",\"name\":\"Massagem Terap\u00eautica de Fertilidade - Yohemi\",\"isPartOf\":{\"@id\":\"https:\/\/www.yohemi.com\/pt-pt\/#website\"},\"primaryImageOfPage\":{\"@id\":\"https:\/\/www.yohemi.com\/pt-pt\/massagem-terapeutica-de-fertilidade\/#primaryimage\"},\"image\":{\"@id\":\"https:\/\/www.yohemi.com\/pt-pt\/massagem-terapeutica-de-fertilidade\/#primaryimage\"},\"thumbnailUrl\":\"https:\/\/www.yohemi.com\/wp-content\/uploads\/2020\/05\/IMG_20191213_111956a-1024x768.jpg\",\"datePublished\":\"2020-05-12T18:53:39+00:00\",\"dateModified\":\"2024-01-10T16:36:09+00:00\",\"breadcrumb\":{\"@id\":\"https:\/\/www.yohemi.com\/pt-pt\/massagem-terapeutica-de-fertilidade\/#breadcrumb\"},\"inLanguage\":\"pt-PT\",\"potentialAction\":[{\"@type\":\"ReadAction\",\"target\":[\"https:\/\/www.yohemi.com\/pt-pt\/massagem-terapeutica-de-fertilidade\/\"]}]},{\"@type\":\"ImageObject\",\"inLanguage\":\"pt-PT\",\"@id\":\"https:\/\/www.yohemi.com\/pt-pt\/massagem-terapeutica-de-fertilidade\/#primaryimage\",\"url\":\"https:\/\/www.yohemi.com\/wp-content\/uploads\/2020\/05\/IMG_20191213_111956a-1024x768.jpg\",\"contentUrl\":\"https:\/\/www.yohemi.com\/wp-content\/uploads\/2020\/05\/IMG_20191213_111956a-1024x768.jpg\"},{\"@type\":\"BreadcrumbList\",\"@id\":\"https:\/\/www.yohemi.com\/pt-pt\/massagem-terapeutica-de-fertilidade\/#breadcrumb\",\"itemListElement\":[{\"@type\":\"ListItem\",\"position\":1,\"name\":\"Home\",\"item\":\"https:\/\/www.yohemi.com\/pt-pt\/\"},{\"@type\":\"ListItem\",\"position\":2,\"name\":\"Massagem Terap\u00eautica de Fertilidade\"}]},{\"@type\":\"WebSite\",\"@id\":\"https:\/\/www.yohemi.com\/pt-pt\/#website\",\"url\":\"https:\/\/www.yohemi.com\/pt-pt\/\",\"name\":\"Yohemi\",\"description\":\"\",\"potentialAction\":[{\"@type\":\"SearchAction\",\"target\":{\"@type\":\"EntryPoint\",\"urlTemplate\":\"https:\/\/www.yohemi.com\/pt-pt\/?s={search_term_string}\"},\"query-input\":{\"@type\":\"PropertyValueSpecification\",\"valueRequired\":true,\"valueName\":\"search_term_string\"}}],\"inLanguage\":\"pt-PT\"}]}<\/script>\n<!-- \/ Yoast SEO plugin. -->","yoast_head_json":{"title":"Massagem Terap\u00eautica de Fertilidade - Yohemi","robots":{"index":"index","follow":"follow","max-snippet":"max-snippet:-1","max-image-preview":"max-image-preview:large","max-video-preview":"max-video-preview:-1"},"canonical":"https:\/\/www.yohemi.com\/pt-pt\/massagem-terapeutica-de-fertilidade\/","og_locale":"pt_PT","og_type":"article","og_title":"Massagem Terap\u00eautica de Fertilidade - Yohemi","og_description":"O que \u00e9 a Massagem Terap\u00eautica&nbsp;de Fertilidade? O objetivo da massagem de fertilidade e apoiar, nutrir e acolher mulheres que experimentam problemas relacionadas a sua sa\u00fade&nbsp;menstrual e tem dificuldades na sua jornada de fertilidade. E uma jornada de cura do \u00fatero&nbsp;que desperta e reconecta&nbsp;as mulheres com o seu corpo, especialmente o seu \u00fatero&nbsp;e cora\u00e7\u00e3o para&hellip;","og_url":"https:\/\/www.yohemi.com\/pt-pt\/massagem-terapeutica-de-fertilidade\/","og_site_name":"Yohemi","article_modified_time":"2024-01-10T16:36:09+00:00","og_image":[{"url":"https:\/\/www.yohemi.com\/wp-content\/uploads\/2020\/05\/IMG_20191213_111956a-1024x768.jpg","type":"","width":"","height":""}],"twitter_card":"summary_large_image","twitter_misc":{"Tempo estimado de leitura":"3 minutos"},"schema":{"@context":"https:\/\/schema.org","@graph":[{"@type":"WebPage","@id":"https:\/\/www.yohemi.com\/pt-pt\/massagem-terapeutica-de-fertilidade\/","url":"https:\/\/www.yohemi.com\/pt-pt\/massagem-terapeutica-de-fertilidade\/","name":"Massagem Terap\u00eautica de Fertilidade - Yohemi","isPartOf":{"@id":"https:\/\/www.yohemi.com\/pt-pt\/#website"},"primaryImageOfPage":{"@id":"https:\/\/www.yohemi.com\/pt-pt\/massagem-terapeutica-de-fertilidade\/#primaryimage"},"image":{"@id":"https:\/\/www.yohemi.com\/pt-pt\/massagem-terapeutica-de-fertilidade\/#primaryimage"},"thumbnailUrl":"https:\/\/www.yohemi.com\/wp-content\/uploads\/2020\/05\/IMG_20191213_111956a-1024x768.jpg","datePublished":"2020-05-12T18:53:39+00:00","dateModified":"2024-01-10T16:36:09+00:00","breadcrumb":{"@id":"https:\/\/www.yohemi.com\/pt-pt\/massagem-terapeutica-de-fertilidade\/#breadcrumb"},"inLanguage":"pt-PT","potentialAction":[{"@type":"ReadAction","target":["https:\/\/www.yohemi.com\/pt-pt\/massagem-terapeutica-de-fertilidade\/"]}]},{"@type":"ImageObject","inLanguage":"pt-PT","@id":"https:\/\/www.yohemi.com\/pt-pt\/massagem-terapeutica-de-fertilidade\/#primaryimage","url":"https:\/\/www.yohemi.com\/wp-content\/uploads\/2020\/05\/IMG_20191213_111956a-1024x768.jpg","contentUrl":"https:\/\/www.yohemi.com\/wp-content\/uploads\/2020\/05\/IMG_20191213_111956a-1024x768.jpg"},{"@type":"BreadcrumbList","@id":"https:\/\/www.yohemi.com\/pt-pt\/massagem-terapeutica-de-fertilidade\/#breadcrumb","itemListElement":[{"@type":"ListItem","position":1,"name":"Home","item":"https:\/\/www.yohemi.com\/pt-pt\/"},{"@type":"ListItem","position":2,"name":"Massagem Terap\u00eautica de Fertilidade"}]},{"@type":"WebSite","@id":"https:\/\/www.yohemi.com\/pt-pt\/#website","url":"https:\/\/www.yohemi.com\/pt-pt\/","name":"Yohemi","description":"","potentialAction":[{"@type":"SearchAction","target":{"@type":"EntryPoint","urlTemplate":"https:\/\/www.yohemi.com\/pt-pt\/?s={search_term_string}"},"query-input":{"@type":"PropertyValueSpecification","valueRequired":true,"valueName":"search_term_string"}}],"inLanguage":"pt-PT"}]}},"_links":{"self":[{"href":"https:\/\/www.yohemi.com\/pt-pt\/wp-json\/wp\/v2\/pages\/912","targetHints":{"allow":["GET"]}}],"collection":[{"href":"https:\/\/www.yohemi.com\/pt-pt\/wp-json\/wp\/v2\/pages"}],"about":[{"href":"https:\/\/www.yohemi.com\/pt-pt\/wp-json\/wp\/v2\/types\/page"}],"author":[{"embeddable":true,"href":"https:\/\/www.yohemi.com\/pt-pt\/wp-json\/wp\/v2\/users\/1"}],"replies":[{"embeddable":true,"href":"https:\/\/www.yohemi.com\/pt-pt\/wp-json\/wp\/v2\/comments?post=912"}],"version-history":[{"count":7,"href":"https:\/\/www.yohemi.com\/pt-pt\/wp-json\/wp\/v2\/pages\/912\/revisions"}],"predecessor-version":[{"id":8698,"href":"https:\/\/www.yohemi.com\/pt-pt\/wp-json\/wp\/v2\/pages\/912\/revisions\/8698"}],"wp:attachment":[{"href":"https:\/\/www.yohemi.com\/pt-pt\/wp-json\/wp\/v2\/media?parent=912"}],"curies":[{"name":"wp","href":"https:\/\/api.w.org\/{rel}","templated":true}]}}